{"id":9236,"date":"2024-12-06T11:34:39","date_gmt":"2024-12-06T11:34:39","guid":{"rendered":"https:\/\/kadans.onest-dev.nl\/about-kadans\/"},"modified":"2025-01-24T09:36:46","modified_gmt":"2025-01-24T09:36:46","slug":"about-kadans","status":"publish","type":"page","link":"https:\/\/kadanscom.onest-dev.nl\/fr\/a-propos-de-kadans\/","title":{"rendered":"\u00c0 propos de Kadans"},"content":{"rendered":"<section id=\"hero_1\" class=\"desktop_yes mobile_yes size_big \">\t\r\n\t\r\n\t<div class=\"background_wrap\">\r\n\r\n\t\t\r\n\t\t\t\t\t<video muted autoplay loop poster=\"https:\/\/kadanscom.onest-dev.nl\/wp-content\/uploads\/Molecules-scaled.jpg\" preload=\"auto\" src=\"https:\/\/kadanscom.onest-dev.nl\/wp-content\/uploads\/BANNER-KADANS-2025-h264.mov\" playsinline=\"\"><\/video>\t\t\t\r\n\t\t\t\r\n\t\t\r\n\t<\/div>\r\n\t\r\n\t\r\n\t<div class=\"container\">\r\n\t\t<div class=\"row\">\r\n\t\t\t<div class=\"col-sm-12 col-md-12 col-lg-8 left_column\">\t\t\t\r\n\t\t\t\t<div class=\"outer\">\r\n\t\t\t\t\t<div class=\"inner\">\r\n\t\t\t\t\t\t\r\n\t\t\t\t\t\t<h1 class=\"subtitle\">\u00c0 propos de Kadans Science Partner<\/h1>\t\t\t\t\t\t\r\n\t\t\t\t\t\t<h2>Plus de 20 ans d\u2019exp\u00e9rience dans le soutien \u00e0 la science<\/h2>\t\t\t\t\t\t\r\n\t\t\t\t\t\t\r\n\t\t\t\t\t\t\t\t\t\t\t\t\r\n\t\t\t\t\t\t\t\t\t\t\t<\/div>\r\n\t\t\t\t<\/div>\t\t\t\t\t\t\r\n\t\t\t<\/div>\r\n\t\t<\/div>\r\n\t<\/div>\r\n\t\r\n\t\r\n<\/section>\r\n\r\n<script>\r\n\tjQuery(document).ready(function($){ \r\n\t\t\r\n\t\t$('body').addClass('has_hero');\r\n\t\t\r\n\t\t$(window).scroll(function(){\r\n\r\n\t\t\tvar curHeight = $('#hero_1').outerHeight();\r\n\t\t\t\r\n\t\t\tif ($(window).scrollTop() > curHeight) {\r\n\t\t\t\t$('#hero_1 .background_wrap').fadeOut(100);\r\n\t\t\t}\t\t\r\n\t\t\telse \r\n\t\t\t{\r\n\t\t\t\t$('#hero_1 .background_wrap').fadeIn(100);\r\n\t\t\t}\r\n\t\t});\r\n\t\t\r\n\t\tif($('#hero_1').nextAll('section:first').hasClass('cta_banner_3')){\r\n\t\t\tvar target = $('#hero_1').nextAll('section:first');\r\n\t\t\t\t$(target).addClass('minus_40');\r\n\t\t}\r\n\t\t\r\n\t});\r\n<\/script>\n\n\r\n<section class=\"whitespace desktop_yes mobile_yes middle bg_white\">\r\n<\/section>\n\n\t\r\n\r\n<section class=\"text_foto desktop_yes mobile_yes elm_primary_400 \">\r\n\t<div class=\"container\">\r\n\t\t<div class=\"row\">\t\t\r\n\t\t\t\t\r\n\t\t\r\n\t<div class=\"col-sm-12 col-md-1 col-lg-1 vert_line\">\r\n\t<\/div>\r\n\t\r\n\t<div class=\"col-sm-12 col-md-5 col-lg-5 text_col\">\r\n\t\t<div class=\"inner\">\r\n\t\t\t<h2>En tant que <span>partenaire scientifique<\/span>, nous nous concentrons sur le rapprochement des personnes pour relever les d\u00e9fis mondiaux<\/h2>\t\t\t\r\n\t\t\t<p>Kadans Science Partner rassemble au sein de ces b\u00e2timents les personnes qui travaillent \u00e0 relever les d\u00e9fis mondiaux. \u00c0 travers l\u2019Europe, nous avons construit un r\u00e9seau de chercheurs, entrepreneurs, partenaires au service de l\u2019innovation, actifs dans les Sciences de la vie &amp; Sant\u00e9, l\u2019Agro &amp; Alimentation, la Chimie &amp; \u00c9nergie, et les Syst\u00e8mes &amp; Mat\u00e9riaux de haute technologie. Tous d\u00e9termin\u00e9s \u00e0 trouver des solutions aux urgences auxquelles nous sommes confront\u00e9s aujourd\u2019hui. Tous d\u00e9termin\u00e9s \u00e0 faire une diff\u00e9rence.<\/p>\n<p>C\u2019est pourquoi nous investissons, d\u00e9veloppons et exploitons des Actifs immobiliers sp\u00e9cialis\u00e9s pour compl\u00e9ter les Clusters scientifiques \u00e0 travers l\u2019Europe. Il ne s\u2019agit pas seulement d\u2019espaces de travail standard. Nous cr\u00e9ons des environnements dans lesquels les organisations scientifiques peuvent prosp\u00e9rer. Des installations de recherche sur mesure qui sont con\u00e7ues pour r\u00e9pondre \u00e0 vos besoins et soutenir votrecroissance.<\/p>\n<p>Dans chaque b\u00e2timent et cluster scientifique, vous trouverez des organisations de toutes tailles, qui peuvent vous aider \u00e0 \u00e9voluer ou vous soutenir selon vos besoins. Que vous ayez besoin d\u2019acc\u00e9der \u00e0 des talents, \u00e0 la recherche ou au capital, vous trouverez des connexions avec les bonnes personnes, dans la bonne organisation.<\/p>\n\t\t\t\r\n\t\t\t\t\t\t\r\n\t\t\t\t\t\t\t\t\t\r\n\t\t<\/div>\r\n\t<\/div>\r\n\r\n\t<div class=\"col-sm-12 col-md-1 col-lg-1 middle_col\">\r\n\t<\/div>\r\n\r\n\t<div class=\"col-sm-12 col-md-5 col-lg-5 photo photo_col right\">\r\n\t\t<div class=\"inner\">\r\n\t\t\t<img loading=\"lazy\" decoding=\"async\" class=\"object_fit\" \t\t\t\t\t\t\t  \r\n\t\t\t\t  srcset=\"https:\/\/kadanscom.onest-dev.nl\/wp-content\/uploads\/Schermafbeelding-2024-12-17-om-14.54.53-e1734443770393.png 650w, https:\/\/kadanscom.onest-dev.nl\/wp-content\/uploads\/Schermafbeelding-2024-12-17-om-14.54.53-e1734443770393.png 1024w, https:\/\/kadanscom.onest-dev.nl\/wp-content\/uploads\/Schermafbeelding-2024-12-17-om-14.54.53-e1734443770393.png 1800w\" \t\t\t\t\t\t\t\t\t  \r\n\t\t\t\t  sizes=\"auto, (max-width: 700px) 650px, (max-width: 1200px) 1024px, 1800px\"  \t  \r\n\t\t\t\t  src=\"https:\/\/kadanscom.onest-dev.nl\/wp-content\/uploads\/Schermafbeelding-2024-12-17-om-14.54.53-e1734443770393.png\" \r\n\t\t\t\t  width=\"645\"\r\n\t\t\t\t  height=\"330\"\t\t\t\t\t\t\t  \r\n\t\t\t\t  alt=\"\" \r\n\t\t\t\t\/>\r\n\t\t<\/div>\t\r\n\t<\/div>\r\n\t\t<\/div>\r\n\t<\/div>\r\n<\/section>\n\n\r\n<section class=\"whitespace desktop_yes mobile_yes big bg_white\">\r\n<\/section>\n\n<section id=\"video_block\" class=\"text_video\">\r\n\t<div class=\"container\">\t\t\r\n\t\t<div class=\"row\">\t\r\n\t\t\t<div class=\"col-sm-12 col-md-12 col-lg-1 empty\">\r\n\t\t\t<\/div>\r\n\t\t\t<div class=\"col-sm-12 col-md-12 col-lg-10\">\r\n\t\t\t\t<div class=\"subheading\">\r\n\t\t\t\t\t\t\t\t<\/div>\r\n\t\t\t\t\t\t\t\t\t\t\r\n\t\t\t\r\n\t\t\t\t\t\r\n\t\t\t\t\t\t\t\t\r\n\t\t\t<\/div>\r\n\t\t\t<div class=\"col-sm-12 col-md-12 col-lg-1 empty\">\r\n\t\t\t<\/div>\r\n\t\t<\/div>\r\n\t\t<div class=\"row\">\t\r\n\t\t\t<div class=\"col-sm-12 col-md-12 col-lg-12\">\r\n\r\n\t\t\t\t<div class=\"video\">\r\n\t\t\t\t\t<iframe loading=\"lazy\" width=\"1120\" height=\"630\" src=\"https:\/\/www.youtube.com\/embed\/zsxI4dtIv7k?si=hcpYtfc8QKfmfLfG\" title=\"YouTube video player\" frameborder=\"0\" allow=\"accelerometer; autoplay; clipboard-write; encrypted-media; gyroscope; picture-in-picture; web-share\" referrerpolicy=\"strict-origin-when-cross-origin\" allowfullscreen><\/iframe>\t\t\t\t<\/div>\r\n\t\t\t\r\n\t\t\t<\/div>\r\n\r\n\t\t<\/div>\r\n\t<\/div>\r\n<\/section>\t\n\n\r\n<section class=\"whitespace desktop_yes mobile_yes big bg_white\">\r\n<\/section>\n\n\t\r\n<section id=\"text_foto_2\" class=\"text_foto text_foto_2 desktop_yes mobile_yes \">\r\n\t<div class=\"container\">\r\n\t\t<div class=\"row no-gutters\">\t\t\r\n\t\t\t\r\n\t\t\t<div class=\"col-sm-12 col-md-5 col-lg-5 photo photo_col left\">\r\n\t\t\t\t<div class=\"inner\">\r\n\t\t\t\t\t\r\n\t\t\t\t\t<img loading=\"lazy\" decoding=\"async\" class=\"object_fit\" \t\t\t\t\t\t\t  \r\n\t\t\t\t\t\t  srcset=\"https:\/\/kadanscom.onest-dev.nl\/wp-content\/uploads\/One-North-Quay-lab-650x366.png 650w, https:\/\/kadanscom.onest-dev.nl\/wp-content\/uploads\/One-North-Quay-lab-1200x675.png 1024w, https:\/\/kadanscom.onest-dev.nl\/wp-content\/uploads\/One-North-Quay-lab-1600x900.png 1800w\" \t\t\t\t\t\t\t\t\t  \r\n\t\t\t\t\t\t  sizes=\"auto, (max-width: 700px) 650px, (max-width: 1200px) 1024px, 1800px\"  \t  \r\n\t\t\t\t\t\t  src=\"https:\/\/kadanscom.onest-dev.nl\/wp-content\/uploads\/One-North-Quay-lab-1600x900.png\" \r\n\t\t\t\t\t\t  width=\"1024\"\r\n\t\t\t\t\t\t  height=\"576\"\t\t\t\t\t\t\t  \r\n\t\t\t\t\t\t  alt=\"One North Quay lab\" \r\n\t\t\t\t\t\t\/>\r\n\t\t\t\t\t\t\r\n\t\t\t\t<\/div>\t\r\n\t\t\t<\/div>\r\n\r\n\t\t\t<div class=\"col-sm-12 col-md-7 col-lg-7 text_col\">\r\n\t\t\t\t<div class=\"inner\">\r\n\t\t\t\t\t\r\n\t\t\t\t\t\r\n\t\t\t\t\t\t\t\t\t\t\r\n\t\t\t\t\t\r\n\t\t\t\t\t\r\n\t\t\t\t\t\r\n\t\t\t\t\t<h2>Plus de 20 ans d\u2019exp\u00e9rience dans les laboratoires modernes et les espaces de travail<\/h2>\t\t\t\t\t\r\n\t\t\t\t\t<p>Fond\u00e9e dans les ann\u00e9es 1990, Kadans s\u2019est consacr\u00e9e \u00e0 fournir des espaces de travail sur mesure. Notre parcours a v\u00e9ritablement commenc\u00e9 en 2009 avec l\u2019acquisition du BioPartner Center Wageningen, une initiative cr\u00e9\u00e9e en 2000 pour soutenir l\u2019acc\u00e9l\u00e9ration de la recherche translationnelle men\u00e9e sur le campus de l\u2019Universit\u00e9 et de la Recherche de Wageningen. Cette acquisition a marqu\u00e9 notre premier b\u00e2timent multi-locataires pour les start-ups, les scale-ups et les \u00e9quipes de R&amp;D d\u2019entreprise.<\/p>\n<p>Depuis lors, Kadans s\u2019est consid\u00e9rablement d\u00e9velopp\u00e9 en proposant une offre beaucoup plus large de solutions immobili\u00e8res de haut niveau technique. En 2010, le nom Kadans Science Partner a \u00e9t\u00e9 officiellement lanc\u00e9 pour incarner notre nouvelle orientation vers la promotion de l\u2019innovation par le biais d\u2019investissements immobiliers aux Pays-Bas. Aujourd\u2019hui, Kadans op\u00e8re en tant que leader international dans l\u2019immobilier ax\u00e9 sur la science et l\u2019innovation, avec une pr\u00e9sence au Royaume-Uni, en Allemagne, en Belgique, en France et en Espagne. Nous servons fi\u00e8rement plus de 400 Clients dans 30 Clusters scientifiques dans six pays.<\/p>\n<p>Soutenu par AXA IM \u2013 Real Assets depuis 2020, notre r\u00e9seau continue de cro\u00eetre \u00e0 mesure que nous d\u00e9veloppons davantage d\u2019emplacements et soutenons davantage de Clusters scientifiques \u00e0 travers l\u2019Europe. Notre approche pionni\u00e8re sur le march\u00e9 refl\u00e8te l\u2019objectif de Kadans de devenir le HUB europ\u00e9en pour tous les acteurs du secteur des Sciences de la vie \u00e0 l\u2019avenir.<\/p>\n\t\t\t\t\t\r\n\t\t\t\t\t\t\t\t\t\t\r\n\t\t\t\t\t\t\t\t\t\t\t\r\n\t\t\t\t<\/div>\t\t\t\t\r\n\t\t\t<\/div>\r\n\r\n\t\t\t\t<div id=\"circle_container\">\t\t\t\t\t\r\n\t\t\t\t\t<div id=\"circle_wrap\">\t\t\t\t\t\t\r\n\t\t\t\t\t\t<div class=\"above\">\r\n\t\t\t\t\t\t\t\t\t\t\t\t\t\r\n\t\t\t\t\t\t\t<div class=\"circle\" id=\"circle_1\">\r\n\t\t\t\t\t\t\t\t<div class=\"inner_circle\">\r\n\t\t\t\t\t\t\t\t\t\t\t\t\t\t\t\t\t\t\t<div class=\"circle_title\">\r\n\t\t\t\t\t\t\t\t\t\t\t30+ Clusters\t\t\t\t\t\t\t\t\t\t<\/div>\r\n\t\t\t\t\t\t\t\t\t\t\t\t\t\t\t\t\t\t\t\t\t\t\t\t\t\t\t\t<div class=\"circle_text\">\r\n\t\t\t\t\t\t\t\t\t\t\tSoutenir les Clusters scientifiques dans toute l\u2019Europe\t\t\t\t\t\t\t\t\t\t<\/div>\r\n\t\t\t\t\t\t\t\t\t\t\t\t\t\t\t\t\t\r\n\t\t\t\t\t\t\t\t\r\n\t\t\t\t\t\t\t\t<\/div>\r\n\t\t\t\t\t\t\t<\/div>\t\t\t\t\t\t\r\n\t\t\t\t\t\t\t\t\t\t\t\t\t\t\r\n\t\t\t\t\t\t\t\t\t\t\t\t\t\r\n\t\t\t\t\t\t\t<div class=\"circle\" id=\"circle_3\">\r\n\t\t\t\t\t\t\t\t<div class=\"inner_circle\">\r\n\t\t\t\t\t\t\t\t\t\t\t\t\t\t\t\t\t\t\t<div class=\"circle_title\">\r\n\t\t\t\t\t\t\t\t\t\t\t400+ Clients\t\t\t\t\t\t\t\t\t\t<\/div>\r\n\t\t\t\t\t\t\t\t\t\t\t\t\t\t\t\t\t\t\t\t\t\t\t\t\t\t\t\t<div class=\"circle_text\">\r\n\t\t\t\t\t\t\t\t\t\t\tConnecter les gens pour travailler vers des objectifs communs\t\t\t\t\t\t\t\t\t\t<\/div>\r\n\t\t\t\t\t\t\t\t\t\t\t\t\t\t\t\t\t\r\n\t\t\t\t\t\t\t\t\r\n\t\t\t\t\t\t\t\t<\/div>\r\n\t\t\t\t\t\t\t<\/div>\t\t\t\t\t\t\r\n\t\t\t\t\t\t\t\t\t\t\t\t\t\t\r\n\t\t\t\t\t\t<\/div>\r\n\t\t\t\t\t\t<div class=\"below\">\r\n\t\t\t\t\t\t\t\t\t\t\t\t\t\r\n\t\t\t\t\t\t\t<div class=\"circle\" id=\"circle_2\">\r\n\t\t\t\t\t\t\t\t<div class=\"inner_circle\">\r\n\t\t\t\t\t\t\t\t\t\t\t\t\t\t\t\t\t\t\t<div class=\"circle_title\">\r\n\t\t\t\t\t\t\t\t\t\t\t70+ B\u00e2timents\t\t\t\t\t\t\t\t\t\t<\/div>\r\n\t\t\t\t\t\t\t\t\t\t\t\t\t\t\t\t\t\t\t\t\t\t\t\t\t\t\t\t<div class=\"circle_text\">\r\n\t\t\t\t\t\t\t\t\t\t\tOffrir des installations de recherche sur mesure et des solutions de bureaux flexibles\t\t\t\t\t\t\t\t\t\t<\/div>\r\n\t\t\t\t\t\t\t\t\t\t\t\t\t\t\t\t\t\r\n\t\t\t\t\t\t\t\t\r\n\t\t\t\t\t\t\t\t<\/div>\r\n\t\t\t\t\t\t\t<\/div>\t\t\t\t\t\t\r\n\t\t\t\t\t\t\t\t\t\t\t\t\t<\/div>\r\n\t\t\t\t\t<\/div>\r\n\t\t\t\t<\/div>\r\n\r\n\t\t\t\r\n\t\t\r\n\t\t<\/div>\r\n\t<\/div>\r\n<\/section>\r\n\r\n<script>\r\n\tjQuery(document).ready(function($){\r\n\t\t$('#circle_1').on('click', function(){\r\n\t\t\tif(!$(this).hasClass('active')){\r\n\t\t\t\t$('#circle_2, #circle_3').removeClass('active');\r\n\t\t\t\t$('#circle_wrap').addClass('active');\r\n\t\t\t\t\r\n\t\t\t\t$(this).addClass('active');\r\n\t\t\t\t\r\n\t\t\t}\r\n\t\t\telse \r\n\t\t\t{\r\n\t\t\t\t$(this).removeClass('active');\r\n\t\t\t\t$('#circle_wrap').removeClass('active');\r\n\t\t\t}\r\n\t\t});\r\n\t\t\r\n\t\t$('#circle_2').on('click', function(){\r\n\t\t\tif(!$(this).hasClass('active')){\r\n\t\t\t\t$('#circle_1, #circle_3').removeClass('active');\r\n\t\t\t\t$('#circle_wrap').addClass('active');\t\t\t\t\r\n\t\t\t\t$(this).addClass('active');\r\n\t\t\t}\r\n\t\t\telse \r\n\t\t\t{\r\n\t\t\t\t$(this).removeClass('active');\r\n\t\t\t\t$('#circle_wrap').removeClass('active');\r\n\t\t\t}\r\n\t\t});\r\n\r\n\t\t$('#circle_3').on('click', function(){\r\n\t\t\tif(!$(this).hasClass('active')){\r\n\t\t\t\t$('#circle_1, #circle_2').removeClass('active');\r\n\t\t\t\t$('#circle_wrap').addClass('active');\t\t\t\t\r\n\t\t\t\t$(this).addClass('active');\r\n\t\t\t}\r\n\t\t\telse \r\n\t\t\t{\r\n\t\t\t\t$(this).removeClass('active');\r\n\t\t\t\t$('#circle_wrap').removeClass('active');\r\n\t\t\t}\r\n\t\t});\r\n\t\t\r\n\t\t$(document).mouseup(function(e) {\r\n\t\t\tvar container = $('#circle_1, #circle_2, #circle_3');\r\n\r\n\t\t\t\/\/ if the target of the click isn't the container nor a descendant of the container\r\n\t\t\tif (!container.is(e.target) && container.has(e.target).length === 0) \r\n\t\t\t{\r\n\t\t\t\t$('#circle_1, #circle_2, #circle_3, #circle_wrap').removeClass('active');\r\n\t\t\t}\r\n\t\t});\r\n\t\t\r\n\t});\r\n<\/script>\n\n\r\n<section class=\"whitespace desktop_yes mobile_yes big bg_white\">\r\n<\/section>\n\n\r\n<section class=\"whitespace desktop_yes mobile_yes big bg_white\">\r\n<\/section>\n\n<section id=\"cta_banner_1\" class=\"text cta_banner_1 desktop_yes mobile_yes \">\r\n\t<div class=\"container\">\r\n\t\t<div class=\"row\">\r\n\t\t\t<div class=\"col-sm-12 col-md-1 col-lg-2 empty\">\r\n\t\t\t<\/div>\r\n\t\t\t<div class=\"col-sm-12 col-md-10 col-lg-8\">\r\n\r\n\t\t\t\t<div class=\"subheading\">\r\n\t\t\t\t<h1>\u00cates-vous int\u00e9ress\u00e9 \u00e0 nous rejoindre ?<\/h1>\t\t\t\t<\/div>\r\n\t\t\t\t<h2>Les clusters scientifiques offrent un acc\u00e8s \u00e0 d&rsquo;innombrables opportunit\u00e9s.<\/h2>\t\t\t\t<p>Contactez-nous d\u00e8s maintenant, et nous vous expliquerons vos possibilit\u00e9s avec plaisir.<\/p>\n\t\t\t\t\r\n\t\t\t\t<div class=\"cta outline dark_blue\"><a href=\"https:\/\/kadanscom.onest-dev.nl\/fr\/contact\/\">Contactez-nous maintenant<\/a>\n<\/div>\t\t\t\t\r\n\t\t\t<\/div>\r\n\t\t\t<div class=\"col-sm-12 col-md-1 col-lg-2 empty\">\r\n\t\t\t\t<\/div>\r\n\t\t<\/div>\r\n\t<\/div>\r\n<\/section>\n\n\r\n<section class=\"whitespace desktop_yes mobile_yes big bg_white\">\r\n<\/section>\n\n\r\n<section id=\"full_width_image\" class=\"image_full desktop_yes mobile_yes \">\r\n\t\r\n\r\n<div class=\"col-sm-12 col-md-12 col-lg-12 parallax_banner\" \r\nstyle=\"background-image:url(https:\/\/kadanscom.onest-dev.nl\/wp-content\/uploads\/Rectangle-550_2.png);\">\r\n<\/div>\r\n\r\n<\/section>","protected":false},"excerpt":{"rendered":"","protected":false},"author":3,"featured_media":0,"parent":0,"menu_order":0,"comment_status":"closed","ping_status":"closed","template":"","meta":{"_acf_changed":false,"inline_featured_image":false,"footnotes":""},"class_list":["post-9236","page","type-page","status-publish","hentry"],"acf":[],"yoast_head":"<!-- This site is optimized with the Yoast SEO plugin v25.9 - https:\/\/yoast.com\/wordpress\/plugins\/seo\/ -->\n<title>Kadans: Bespoke Science Solutions<\/title>\n<meta name=\"description\" content=\"Kadans creates bespoke workspaces and links innovators in life sciences, agri-food, and high-tech.\" \/>\n<meta name=\"robots\" content=\"noindex, follow, max-snippet:-1, max-image-preview:large, max-video-preview:-1\" \/>\n<meta property=\"og:locale\" content=\"fr_FR\" \/>\n<meta property=\"og:type\" content=\"article\" \/>\n<meta property=\"og:title\" content=\"Kadans: Bespoke Science Solutions\" \/>\n<meta property=\"og:description\" content=\"Kadans creates bespoke workspaces and links innovators in life sciences, agri-food, and high-tech.\" \/>\n<meta property=\"og:url\" content=\"https:\/\/kadanscom.onest-dev.nl\/fr\/a-propos-de-kadans\/\" \/>\n<meta property=\"og:site_name\" content=\"Kadans Science Partner\" \/>\n<meta property=\"article:modified_time\" content=\"2025-01-24T09:36:46+00:00\" \/>\n<meta name=\"twitter:card\" content=\"summary_large_image\" \/>\n<script type=\"application\/ld+json\" class=\"yoast-schema-graph\">{\"@context\":\"https:\/\/schema.org\",\"@graph\":[{\"@type\":\"WebPage\",\"@id\":\"https:\/\/kadanscom.onest-dev.nl\/fr\/a-propos-de-kadans\/\",\"url\":\"https:\/\/kadanscom.onest-dev.nl\/fr\/a-propos-de-kadans\/\",\"name\":\"Kadans: Bespoke Science Solutions\",\"isPartOf\":{\"@id\":\"https:\/\/kadanscom.onest-dev.nl\/fr\/#website\"},\"datePublished\":\"2024-12-06T11:34:39+00:00\",\"dateModified\":\"2025-01-24T09:36:46+00:00\",\"description\":\"Kadans creates bespoke workspaces and links innovators in life sciences, agri-food, and high-tech.\",\"breadcrumb\":{\"@id\":\"https:\/\/kadanscom.onest-dev.nl\/fr\/a-propos-de-kadans\/#breadcrumb\"},\"inLanguage\":\"fr-FR\",\"potentialAction\":[{\"@type\":\"ReadAction\",\"target\":[\"https:\/\/kadanscom.onest-dev.nl\/fr\/a-propos-de-kadans\/\"]}]},{\"@type\":\"BreadcrumbList\",\"@id\":\"https:\/\/kadanscom.onest-dev.nl\/fr\/a-propos-de-kadans\/#breadcrumb\",\"itemListElement\":[{\"@type\":\"ListItem\",\"position\":1,\"name\":\"Home\",\"item\":\"https:\/\/kadanscom.onest-dev.nl\/fr\/\"},{\"@type\":\"ListItem\",\"position\":2,\"name\":\"\u00c0 propos de Kadans\"}]},{\"@type\":\"WebSite\",\"@id\":\"https:\/\/kadanscom.onest-dev.nl\/fr\/#website\",\"url\":\"https:\/\/kadanscom.onest-dev.nl\/fr\/\",\"name\":\"Kadans Science Partner\",\"description\":\"\",\"potentialAction\":[{\"@type\":\"SearchAction\",\"target\":{\"@type\":\"EntryPoint\",\"urlTemplate\":\"https:\/\/kadanscom.onest-dev.nl\/fr\/?s={search_term_string}\"},\"query-input\":{\"@type\":\"PropertyValueSpecification\",\"valueRequired\":true,\"valueName\":\"search_term_string\"}}],\"inLanguage\":\"fr-FR\"}]}<\/script>\n<!-- \/ Yoast SEO plugin. -->","yoast_head_json":{"title":"Kadans: Bespoke Science Solutions","description":"Kadans creates bespoke workspaces and links innovators in life sciences, agri-food, and high-tech.","robots":{"index":"noindex","follow":"follow","max-snippet":"max-snippet:-1","max-image-preview":"max-image-preview:large","max-video-preview":"max-video-preview:-1"},"og_locale":"fr_FR","og_type":"article","og_title":"Kadans: Bespoke Science Solutions","og_description":"Kadans creates bespoke workspaces and links innovators in life sciences, agri-food, and high-tech.","og_url":"https:\/\/kadanscom.onest-dev.nl\/fr\/a-propos-de-kadans\/","og_site_name":"Kadans Science Partner","article_modified_time":"2025-01-24T09:36:46+00:00","twitter_card":"summary_large_image","schema":{"@context":"https:\/\/schema.org","@graph":[{"@type":"WebPage","@id":"https:\/\/kadanscom.onest-dev.nl\/fr\/a-propos-de-kadans\/","url":"https:\/\/kadanscom.onest-dev.nl\/fr\/a-propos-de-kadans\/","name":"Kadans: Bespoke Science Solutions","isPartOf":{"@id":"https:\/\/kadanscom.onest-dev.nl\/fr\/#website"},"datePublished":"2024-12-06T11:34:39+00:00","dateModified":"2025-01-24T09:36:46+00:00","description":"Kadans creates bespoke workspaces and links innovators in life sciences, agri-food, and high-tech.","breadcrumb":{"@id":"https:\/\/kadanscom.onest-dev.nl\/fr\/a-propos-de-kadans\/#breadcrumb"},"inLanguage":"fr-FR","potentialAction":[{"@type":"ReadAction","target":["https:\/\/kadanscom.onest-dev.nl\/fr\/a-propos-de-kadans\/"]}]},{"@type":"BreadcrumbList","@id":"https:\/\/kadanscom.onest-dev.nl\/fr\/a-propos-de-kadans\/#breadcrumb","itemListElement":[{"@type":"ListItem","position":1,"name":"Home","item":"https:\/\/kadanscom.onest-dev.nl\/fr\/"},{"@type":"ListItem","position":2,"name":"\u00c0 propos de Kadans"}]},{"@type":"WebSite","@id":"https:\/\/kadanscom.onest-dev.nl\/fr\/#website","url":"https:\/\/kadanscom.onest-dev.nl\/fr\/","name":"Kadans Science Partner","description":"","potentialAction":[{"@type":"SearchAction","target":{"@type":"EntryPoint","urlTemplate":"https:\/\/kadanscom.onest-dev.nl\/fr\/?s={search_term_string}"},"query-input":{"@type":"PropertyValueSpecification","valueRequired":true,"valueName":"search_term_string"}}],"inLanguage":"fr-FR"}]}},"_links":{"self":[{"href":"https:\/\/kadanscom.onest-dev.nl\/fr\/wp-json\/wp\/v2\/pages\/9236","targetHints":{"allow":["GET"]}}],"collection":[{"href":"https:\/\/kadanscom.onest-dev.nl\/fr\/wp-json\/wp\/v2\/pages"}],"about":[{"href":"https:\/\/kadanscom.onest-dev.nl\/fr\/wp-json\/wp\/v2\/types\/page"}],"author":[{"embeddable":true,"href":"https:\/\/kadanscom.onest-dev.nl\/fr\/wp-json\/wp\/v2\/users\/3"}],"replies":[{"embeddable":true,"href":"https:\/\/kadanscom.onest-dev.nl\/fr\/wp-json\/wp\/v2\/comments?post=9236"}],"version-history":[{"count":0,"href":"https:\/\/kadanscom.onest-dev.nl\/fr\/wp-json\/wp\/v2\/pages\/9236\/revisions"}],"wp:attachment":[{"href":"https:\/\/kadanscom.onest-dev.nl\/fr\/wp-json\/wp\/v2\/media?parent=9236"}],"curies":[{"name":"wp","href":"https:\/\/api.w.org\/{rel}","templated":true}]}}