{"id":9223,"date":"2024-12-06T11:41:57","date_gmt":"2024-12-06T11:41:57","guid":{"rendered":"https:\/\/kadans.onest-dev.nl\/corporate-responsibility\/"},"modified":"2025-01-15T15:47:10","modified_gmt":"2025-01-15T15:47:10","slug":"corporate-responsibility","status":"publish","type":"page","link":"https:\/\/kadanscom.onest-dev.nl\/fr\/a-propos-de-kadans\/responsabilite-societale\/","title":{"rendered":"Responsabilit\u00e9 Soci\u00e9tale"},"content":{"rendered":"<section id=\"hero_1\" class=\"desktop_yes mobile_yes size_small \">\t\r\n\t\r\n\t<div class=\"background_wrap\">\r\n\r\n\t\t\t<img loading=\"lazy\" decoding=\"async\" class=\"object_fit\" \t\t\t\t\t\t\t  \r\n\t\t\t  srcset=\"https:\/\/kadanscom.onest-dev.nl\/wp-content\/uploads\/Rectangle-550_2-650x361.png 650w, https:\/\/kadanscom.onest-dev.nl\/wp-content\/uploads\/Rectangle-550_2-1200x667.png 1024w, https:\/\/kadanscom.onest-dev.nl\/wp-content\/uploads\/Rectangle-550_2-1600x889.png 1800w\" \t\t\t\t\t\t\t\t\t  \r\n\t\t\t  sizes=\"auto, (max-width: 700px) 650px, (max-width: 1200px) 1024px, 1800px\"  \t  \r\n\t\t\t  src=\"https:\/\/kadanscom.onest-dev.nl\/wp-content\/uploads\/Rectangle-550_2-1600x889.png\" \r\n\t\t\t  width=\"1024\"\r\n\t\t\t  height=\"569\"\t\t\t\t\t\t\t  \r\n\t\t\t  alt=\"Moleculen image for Science\" \r\n\t\t\t\/>\r\n\t\t\r\n\t\t\r\n\t<\/div>\r\n\t\r\n\t\r\n\t<div class=\"container\">\r\n\t\t<div class=\"row\">\r\n\t\t\t<div class=\"col-sm-12 col-md-12 col-lg-8 left_column\">\t\t\t\r\n\t\t\t\t<div class=\"outer\">\r\n\t\t\t\t\t<div class=\"inner\">\r\n\t\t\t\t\t\t\r\n\t\t\t\t\t\t<h1 class=\"subtitle\">Responsabilit\u00e9 Soci\u00e9tale<\/h1>\t\t\t\t\t\t\r\n\t\t\t\t\t\t<h2>Lutter contre les d\u00e9fis mondiaux<\/h2>\t\t\t\t\t\t\r\n\t\t\t\t\t\t\r\n\t\t\t\t\t\t<p>Chez Kadans, la responsabilit\u00e9 soci\u00e9tale guide notre mission de cr\u00e9er des environnements durables, innovants et inclusifs. Par des actions impactantes, nous relevons les d\u00e9fis mondiaux, promouvons la durabilit\u00e9 et engageons des communaut\u00e9s \u00e0 travers le monde.<\/p>\n\t\t\t\t\t\t\r\n\t\t\t\t\t\t\t\t\t\t\t<\/div>\r\n\t\t\t\t<\/div>\t\t\t\t\t\t\r\n\t\t\t<\/div>\r\n\t\t<\/div>\r\n\t<\/div>\r\n\t\r\n\t\r\n<\/section>\r\n\r\n<script>\r\n\tjQuery(document).ready(function($){ \r\n\t\t\r\n\t\t$('body').addClass('has_hero');\r\n\t\t\r\n\t\t$(window).scroll(function(){\r\n\r\n\t\t\tvar curHeight = $('#hero_1').outerHeight();\r\n\t\t\t\r\n\t\t\tif ($(window).scrollTop() > curHeight) {\r\n\t\t\t\t$('#hero_1 .background_wrap').fadeOut(100);\r\n\t\t\t}\t\t\r\n\t\t\telse \r\n\t\t\t{\r\n\t\t\t\t$('#hero_1 .background_wrap').fadeIn(100);\r\n\t\t\t}\r\n\t\t});\r\n\t\t\r\n\t\tif($('#hero_1').nextAll('section:first').hasClass('cta_banner_3')){\r\n\t\t\tvar target = $('#hero_1').nextAll('section:first');\r\n\t\t\t\t$(target).addClass('minus_40');\r\n\t\t}\r\n\t\t\r\n\t});\r\n<\/script>\n\n\r\n<section class=\"whitespace desktop_yes mobile_yes big bg_white\">\r\n<\/section>\n\n\t\r\n\r\n<section class=\"text_foto desktop_yes mobile_yes elm_primary_400 \">\r\n\t<div class=\"container\">\r\n\t\t<div class=\"row\">\t\t\r\n\t\t\t\t\r\n\t\t\r\n\t<div class=\"col-sm-12 col-md-1 col-lg-1 vert_line\">\r\n\t<\/div>\r\n\t\r\n\t<div class=\"col-sm-12 col-md-5 col-lg-5 text_col\">\r\n\t\t<div class=\"inner\">\r\n\t\t\t<h2>Durabilit\u00e9<\/h2>\t\t\t\r\n\t\t\t<p>Kadans Science Partner s&rsquo;engage pour la durabilit\u00e9 et reconna\u00eet l&rsquo;importance de promouvoir un avenir durable pour notre plan\u00e8te. En tant qu&rsquo;entreprise sp\u00e9cialis\u00e9e dans l&rsquo;investissement, le d\u00e9veloppement et l&rsquo;exploitation d&rsquo;actifs sp\u00e9cialis\u00e9s, nous visons \u00e0 cr\u00e9er des environnements qui favorisent l&rsquo;innovation tout en gardant la durabilit\u00e9 comme priorit\u00e9 absolue.<\/p>\n<p>Nous croyons que l&rsquo;int\u00e9gration de pratiques durables dans la conception, la construction et l&rsquo;exploitation de nos b\u00e2timents peut avoir un impact significatif sur notre environnement. Par cons\u00e9quent, chez Kadans, nous nous concentrons sur le d\u00e9veloppement de b\u00e2timents durables qui sont \u00e9co\u00e9nerg\u00e9tiques, favorisent l&rsquo;utilisation de sources d&rsquo;\u00e9nergie renouvelables et r\u00e9duisent les d\u00e9chets et les \u00e9missions.<\/p>\n<p>Un exemple de nos pratiques durables est notre accent sur l&rsquo;efficacit\u00e9 \u00e9nerg\u00e9tique. Nous nous effor\u00e7ons de r\u00e9duire la consommation d&rsquo;\u00e9nergie dans nos b\u00e2timents en utilisant des technologies de pointe telles que l&rsquo;\u00e9clairage LED, une isolation efficace et des syst\u00e8mes d&rsquo;automatisation des b\u00e2timents qui r\u00e9gulent l&rsquo;utilisation de l&rsquo;\u00e9nergie. Un autre exemple est l&rsquo;utilisation de sources d&rsquo;\u00e9nergie renouvelables pour alimenter nos b\u00e2timents.<\/p>\n<p>En conclusion, Kadans Science Partner est d\u00e9vou\u00e9 \u00e0 la durabilit\u00e9 et nous nous effor\u00e7ons continuellement de cr\u00e9er les b\u00e2timents et les communaut\u00e9s les plus durables possibles. En promouvant des pratiques durables, nous contribuons non seulement \u00e0 une plan\u00e8te plus saine, mais nous offrons \u00e9galement \u00e0 nos clients des choix attractifs et responsables pour leurs op\u00e9rations commerciales.<\/p>\n\t\t\t\r\n\t\t\t\t\t\t\r\n\t\t\t\t\t\t\t\t\t\r\n\t\t<\/div>\r\n\t<\/div>\r\n\r\n\t<div class=\"col-sm-12 col-md-1 col-lg-1 middle_col\">\r\n\t<\/div>\r\n\r\n\t<div class=\"col-sm-12 col-md-5 col-lg-5 photo photo_col right\">\r\n\t\t<div class=\"inner\">\r\n\t\t\t<img loading=\"lazy\" decoding=\"async\" class=\"object_fit\" \t\t\t\t\t\t\t  \r\n\t\t\t\t  srcset=\"https:\/\/kadanscom.onest-dev.nl\/wp-content\/uploads\/Accelerator-Utrecht-Atrium-650x433.jpg 650w, https:\/\/kadanscom.onest-dev.nl\/wp-content\/uploads\/Accelerator-Utrecht-Atrium-1200x800.jpg 1024w, https:\/\/kadanscom.onest-dev.nl\/wp-content\/uploads\/Accelerator-Utrecht-Atrium-1600x1067.jpg 1800w\" \t\t\t\t\t\t\t\t\t  \r\n\t\t\t\t  sizes=\"auto, (max-width: 700px) 650px, (max-width: 1200px) 1024px, 1800px\"  \t  \r\n\t\t\t\t  src=\"https:\/\/kadanscom.onest-dev.nl\/wp-content\/uploads\/Accelerator-Utrecht-Atrium-1600x1067.jpg\" \r\n\t\t\t\t  width=\"1024\"\r\n\t\t\t\t  height=\"683\"\t\t\t\t\t\t\t  \r\n\t\t\t\t  alt=\"\" \r\n\t\t\t\t\/>\r\n\t\t<\/div>\t\r\n\t<\/div>\r\n\t\t<\/div>\r\n\t<\/div>\r\n<\/section>\n\n\r\n<section class=\"whitespace desktop_yes mobile_yes big bg_white\">\r\n<\/section>\n\n\t\r\n\r\n<section class=\"text_foto desktop_yes mobile_yes elm_primary_400 \">\r\n\t<div class=\"container\">\r\n\t\t<div class=\"row sm_reverse_order\">\t\t\r\n\t\t\t\t<div class=\"col-sm-12 col-md-5 col-lg-5 photo photo_col left\">\r\n\t\t<div class=\"inner\">\r\n\t\t\t<img loading=\"lazy\" decoding=\"async\" class=\"object_fit\" \t\t\t\t\t\t\t  \r\n\t\t\t\t  srcset=\"https:\/\/kadanscom.onest-dev.nl\/wp-content\/uploads\/Speech-CIO-650x433.jpg 650w, https:\/\/kadanscom.onest-dev.nl\/wp-content\/uploads\/Speech-CIO-1200x800.jpg 1024w, https:\/\/kadanscom.onest-dev.nl\/wp-content\/uploads\/Speech-CIO-1600x1067.jpg 1800w\" \t\t\t\t\t\t\t\t\t  \r\n\t\t\t\t  sizes=\"auto, (max-width: 700px) 650px, (max-width: 1200px) 1024px, 1800px\"  \t  \r\n\t\t\t\t  src=\"https:\/\/kadanscom.onest-dev.nl\/wp-content\/uploads\/Speech-CIO-1600x1067.jpg\" \r\n\t\t\t\t  width=\"1024\"\r\n\t\t\t\t  height=\"683\"\t\t\t\t\t\t\t  \r\n\t\t\t\t  alt=\"\" \r\n\t\t\t\t\/>\r\n\t\t<\/div>\t\r\n\t<\/div>\r\n\t\r\n\t\t\r\n\t<div class=\"col-sm-12 col-md-1 col-lg-1 middle_col\">\r\n\t<\/div>\r\n\t\r\n\t<div class=\"col-sm-12 col-md-5 col-lg-5 text_col\">\r\n\t\t<div class=\"inner\">\r\n\t\t\t<h2>Lutter contre les d\u00e9fis mondiaux<\/h2>\t\t\t\r\n\t\t\t<p>\u00c0 travers l&rsquo;Europe, nous avons construit un r\u00e9seau de clients, d&rsquo;organisations partenaires et d&rsquo;esprits innovants, actifs dans les sciences de la vie et la sant\u00e9, l&rsquo;alimentation, l&rsquo;\u00e9nergie et l&rsquo;\u00e9conomie num\u00e9rique. Tous d\u00e9termin\u00e9s \u00e0 trouver des solutions aux d\u00e9fis mondiaux auxquels nous sommes confront\u00e9s aujourd&rsquo;hui. Tous d\u00e9termin\u00e9s \u00e0 faire la diff\u00e9rence.<\/p>\n<p>Nous croyons que la cl\u00e9 pour trouver des solutions aux d\u00e9fis mondiaux est de rassembler des personnes ayant des objectifs et des ambitions partag\u00e9s. Nous estimons qu&rsquo;il est de notre devoir de contribuer \u00e0 la sensibilisation aux probl\u00e8mes auxquels nous sommes confront\u00e9s aujourd&rsquo;hui. Ainsi, en soutenant nos clients, nous attirons non seulement l&rsquo;attention, mais nous contribuons \u00e9galement activement en r\u00e9unissant des personnes pour trouver des solutions aux d\u00e9fis mondiaux auxquels nous sommes confront\u00e9s aujourd&rsquo;hui.<\/p>\n\t\t\t\r\n\t\t\t\t\t\t\r\n\t\t\t\t\t\t\t\t\t\r\n\t\t<\/div>\r\n\t<\/div>\r\n\r\n\t<div class=\"col-sm-12 col-md-1 col-lg-1 vert_line\">\r\n\t<\/div>\r\n\r\n\t\t<\/div>\r\n\t<\/div>\r\n<\/section>\n\n\r\n<section class=\"whitespace desktop_yes mobile_yes big bg_white\">\r\n<\/section>\n\n\t\r\n\r\n<section class=\"text_foto desktop_yes mobile_yes elm_primary_400 \">\r\n\t<div class=\"container\">\r\n\t\t<div class=\"row\">\t\t\r\n\t\t\t\t\r\n\t\t\r\n\t<div class=\"col-sm-12 col-md-1 col-lg-1 vert_line\">\r\n\t<\/div>\r\n\t\r\n\t<div class=\"col-sm-12 col-md-5 col-lg-5 text_col\">\r\n\t\t<div class=\"inner\">\r\n\t\t\t<h2>Engagement mondial<\/h2>\t\t\t\r\n\t\t\t<p>Chez Kadans Science Partner, nous comprenons l&rsquo;importance de la responsabilit\u00e9 soci\u00e9tale et son impact sur les communaut\u00e9s que nous servons. Nous reconnaissons notre responsabilit\u00e9 de veiller \u00e0 ce que nos op\u00e9rations aient un impact positif durable sur la soci\u00e9t\u00e9, l&rsquo;environnement et l&rsquo;\u00e9conomie.<\/p>\n<p>Nous sommes \u00e9galement fiers de notre implication dans des initiatives sociales et la construction de communaut\u00e9s. Nous croyons en l&rsquo;importance de redonner \u00e0 la communaut\u00e9 dans laquelle nous op\u00e9rons et nous nous effor\u00e7ons de cr\u00e9er un environnement qui soutient le bien-\u00eatre de nos clients et de ceux qui nous entourent. Nous collaborons avec des organisations locales pour d\u00e9velopper des programmes et des activit\u00e9s qui contribuent au d\u00e9veloppement social, culturel et \u00e9conomique de la communaut\u00e9. Nous soutenons \u00e9galement les initiatives locales en mati\u00e8re d&rsquo;\u00e9nergie renouvelable, en nous effor\u00e7ant de r\u00e9duire notre empreinte carbone et d&rsquo;encourager la transition vers l&rsquo;\u00e9nergie verte.<\/p>\n<p>En tant qu&rsquo;organisation, nous nous engageons \u00e0 respecter des pratiques commerciales \u00e9thiques et \u00e0 adh\u00e9rer \u00e0 des normes et r\u00e9glementations industrielles strictes. Nous privil\u00e9gions la transparence, la responsabilit\u00e9 et l&rsquo;\u00e9quit\u00e9 dans toutes nos op\u00e9rations et nous nous effor\u00e7ons toujours d&rsquo;am\u00e9liorer nos pratiques et nos politiques.<\/p>\n\t\t\t\r\n\t\t\t\t\t\t\r\n\t\t\t\t\t\t\t\t\t\r\n\t\t<\/div>\r\n\t<\/div>\r\n\r\n\t<div class=\"col-sm-12 col-md-1 col-lg-1 middle_col\">\r\n\t<\/div>\r\n\r\n\t<div class=\"col-sm-12 col-md-5 col-lg-5 photo photo_col right\">\r\n\t\t<div class=\"inner\">\r\n\t\t\t<img loading=\"lazy\" decoding=\"async\" class=\"object_fit\" \t\t\t\t\t\t\t  \r\n\t\t\t\t  srcset=\"https:\/\/kadanscom.onest-dev.nl\/wp-content\/uploads\/Taking-Their-Business-Global-650x433.jpg 650w, https:\/\/kadanscom.onest-dev.nl\/wp-content\/uploads\/Taking-Their-Business-Global-1200x800.jpg 1024w, https:\/\/kadanscom.onest-dev.nl\/wp-content\/uploads\/Taking-Their-Business-Global-1600x1066.jpg 1800w\" \t\t\t\t\t\t\t\t\t  \r\n\t\t\t\t  sizes=\"auto, (max-width: 700px) 650px, (max-width: 1200px) 1024px, 1800px\"  \t  \r\n\t\t\t\t  src=\"https:\/\/kadanscom.onest-dev.nl\/wp-content\/uploads\/Taking-Their-Business-Global-1600x1066.jpg\" \r\n\t\t\t\t  width=\"1024\"\r\n\t\t\t\t  height=\"682\"\t\t\t\t\t\t\t  \r\n\t\t\t\t  alt=\"Taking Their Business Global\" \r\n\t\t\t\t\/>\r\n\t\t<\/div>\t\r\n\t<\/div>\r\n\t\t<\/div>\r\n\t<\/div>\r\n<\/section>\n\n\r\n<section class=\"whitespace desktop_yes mobile_yes big bg_white\">\r\n<\/section>\n\n<section id=\"cta_banner_1\" class=\"text cta_banner_1 desktop_yes mobile_yes \">\r\n\t<div class=\"container\">\r\n\t\t<div class=\"row\">\r\n\t\t\t<div class=\"col-sm-12 col-md-1 col-lg-2 empty\">\r\n\t\t\t<\/div>\r\n\t\t\t<div class=\"col-sm-12 col-md-10 col-lg-8\">\r\n\r\n\t\t\t\t<div class=\"subheading\">\r\n\t\t\t\t\t\t\t\t<\/div>\r\n\t\t\t\t<h2>Les clusters scientifiques \u00e0 travers l&rsquo;Europe offrent un acc\u00e8s \u00e0 la recherche de pointe, au capital et aux opportunit\u00e9s de collaboration. <\/h2>\t\t\t\t\t\t\t\t\r\n\t\t\t\t<div class=\"cta outline dark_blue\"><a href=\"mailto:sales@kadans.com\">\u00cates-vous int\u00e9ress\u00e9 \u00e0 nous rejoindre?<\/a>\n<\/div>\t\t\t\t\r\n\t\t\t<\/div>\r\n\t\t\t<div class=\"col-sm-12 col-md-1 col-lg-2 empty\">\r\n\t\t\t\t<\/div>\r\n\t\t<\/div>\r\n\t<\/div>\r\n<\/section>\n\n\r\n<section class=\"whitespace desktop_yes mobile_yes small bg_white\">\r\n<\/section>\n\n\r\n<section id=\"full_width_image\" class=\"image_full desktop_yes mobile_yes \">\r\n\t\r\n\r\n<div class=\"col-sm-12 col-md-12 col-lg-12 parallax_banner\" \r\nstyle=\"background-image:url(https:\/\/kadanscom.onest-dev.nl\/wp-content\/uploads\/Rectangle-550_2.png);\">\r\n<\/div>\r\n\r\n<\/section>\n\n\n<p><\/p>\n","protected":false},"excerpt":{"rendered":"","protected":false},"author":3,"featured_media":0,"parent":9236,"menu_order":0,"comment_status":"closed","ping_status":"closed","template":"","meta":{"_acf_changed":false,"inline_featured_image":false,"footnotes":""},"class_list":["post-9223","page","type-page","status-publish","hentry"],"acf":[],"yoast_head":"<!-- This site is optimized with the Yoast SEO plugin v25.9 - https:\/\/yoast.com\/wordpress\/plugins\/seo\/ -->\n<title>Corporate Sustainability at Kadans<\/title>\n<meta name=\"description\" content=\"Discover Kadans\u2019 commitment to sustainability, innovation, and community involvement for a better future.\" \/>\n<meta name=\"robots\" content=\"noindex, follow, max-snippet:-1, max-image-preview:large, max-video-preview:-1\" \/>\n<meta property=\"og:locale\" content=\"fr_FR\" \/>\n<meta property=\"og:type\" content=\"article\" \/>\n<meta property=\"og:title\" content=\"Corporate Sustainability at Kadans\" \/>\n<meta property=\"og:description\" content=\"Discover Kadans\u2019 commitment to sustainability, innovation, and community involvement for a better future.\" \/>\n<meta property=\"og:url\" content=\"https:\/\/kadanscom.onest-dev.nl\/fr\/a-propos-de-kadans\/responsabilite-societale\/\" \/>\n<meta property=\"og:site_name\" content=\"Kadans Science Partner\" \/>\n<meta property=\"article:modified_time\" content=\"2025-01-15T15:47:10+00:00\" \/>\n<meta name=\"twitter:card\" content=\"summary_large_image\" \/>\n<script type=\"application\/ld+json\" class=\"yoast-schema-graph\">{\"@context\":\"https:\/\/schema.org\",\"@graph\":[{\"@type\":\"WebPage\",\"@id\":\"https:\/\/kadanscom.onest-dev.nl\/fr\/a-propos-de-kadans\/responsabilite-societale\/\",\"url\":\"https:\/\/kadanscom.onest-dev.nl\/fr\/a-propos-de-kadans\/responsabilite-societale\/\",\"name\":\"Corporate Sustainability at Kadans\",\"isPartOf\":{\"@id\":\"https:\/\/kadanscom.onest-dev.nl\/fr\/#website\"},\"datePublished\":\"2024-12-06T11:41:57+00:00\",\"dateModified\":\"2025-01-15T15:47:10+00:00\",\"description\":\"Discover Kadans\u2019 commitment to sustainability, innovation, and community involvement for a better future.\",\"breadcrumb\":{\"@id\":\"https:\/\/kadanscom.onest-dev.nl\/fr\/a-propos-de-kadans\/responsabilite-societale\/#breadcrumb\"},\"inLanguage\":\"fr-FR\",\"potentialAction\":[{\"@type\":\"ReadAction\",\"target\":[\"https:\/\/kadanscom.onest-dev.nl\/fr\/a-propos-de-kadans\/responsabilite-societale\/\"]}]},{\"@type\":\"BreadcrumbList\",\"@id\":\"https:\/\/kadanscom.onest-dev.nl\/fr\/a-propos-de-kadans\/responsabilite-societale\/#breadcrumb\",\"itemListElement\":[{\"@type\":\"ListItem\",\"position\":1,\"name\":\"Home\",\"item\":\"https:\/\/kadanscom.onest-dev.nl\/fr\/\"},{\"@type\":\"ListItem\",\"position\":2,\"name\":\"\u00c0 propos de Kadans\",\"item\":\"https:\/\/kadanscom.onest-dev.nl\/fr\/a-propos-de-kadans\/\"},{\"@type\":\"ListItem\",\"position\":3,\"name\":\"Responsabilit\u00e9 Soci\u00e9tale\"}]},{\"@type\":\"WebSite\",\"@id\":\"https:\/\/kadanscom.onest-dev.nl\/fr\/#website\",\"url\":\"https:\/\/kadanscom.onest-dev.nl\/fr\/\",\"name\":\"Kadans Science Partner\",\"description\":\"\",\"potentialAction\":[{\"@type\":\"SearchAction\",\"target\":{\"@type\":\"EntryPoint\",\"urlTemplate\":\"https:\/\/kadanscom.onest-dev.nl\/fr\/?s={search_term_string}\"},\"query-input\":{\"@type\":\"PropertyValueSpecification\",\"valueRequired\":true,\"valueName\":\"search_term_string\"}}],\"inLanguage\":\"fr-FR\"}]}<\/script>\n<!-- \/ Yoast SEO plugin. -->","yoast_head_json":{"title":"Corporate Sustainability at Kadans","description":"Discover Kadans\u2019 commitment to sustainability, innovation, and community involvement for a better future.","robots":{"index":"noindex","follow":"follow","max-snippet":"max-snippet:-1","max-image-preview":"max-image-preview:large","max-video-preview":"max-video-preview:-1"},"og_locale":"fr_FR","og_type":"article","og_title":"Corporate Sustainability at Kadans","og_description":"Discover Kadans\u2019 commitment to sustainability, innovation, and community involvement for a better future.","og_url":"https:\/\/kadanscom.onest-dev.nl\/fr\/a-propos-de-kadans\/responsabilite-societale\/","og_site_name":"Kadans Science Partner","article_modified_time":"2025-01-15T15:47:10+00:00","twitter_card":"summary_large_image","schema":{"@context":"https:\/\/schema.org","@graph":[{"@type":"WebPage","@id":"https:\/\/kadanscom.onest-dev.nl\/fr\/a-propos-de-kadans\/responsabilite-societale\/","url":"https:\/\/kadanscom.onest-dev.nl\/fr\/a-propos-de-kadans\/responsabilite-societale\/","name":"Corporate Sustainability at Kadans","isPartOf":{"@id":"https:\/\/kadanscom.onest-dev.nl\/fr\/#website"},"datePublished":"2024-12-06T11:41:57+00:00","dateModified":"2025-01-15T15:47:10+00:00","description":"Discover Kadans\u2019 commitment to sustainability, innovation, and community involvement for a better future.","breadcrumb":{"@id":"https:\/\/kadanscom.onest-dev.nl\/fr\/a-propos-de-kadans\/responsabilite-societale\/#breadcrumb"},"inLanguage":"fr-FR","potentialAction":[{"@type":"ReadAction","target":["https:\/\/kadanscom.onest-dev.nl\/fr\/a-propos-de-kadans\/responsabilite-societale\/"]}]},{"@type":"BreadcrumbList","@id":"https:\/\/kadanscom.onest-dev.nl\/fr\/a-propos-de-kadans\/responsabilite-societale\/#breadcrumb","itemListElement":[{"@type":"ListItem","position":1,"name":"Home","item":"https:\/\/kadanscom.onest-dev.nl\/fr\/"},{"@type":"ListItem","position":2,"name":"\u00c0 propos de Kadans","item":"https:\/\/kadanscom.onest-dev.nl\/fr\/a-propos-de-kadans\/"},{"@type":"ListItem","position":3,"name":"Responsabilit\u00e9 Soci\u00e9tale"}]},{"@type":"WebSite","@id":"https:\/\/kadanscom.onest-dev.nl\/fr\/#website","url":"https:\/\/kadanscom.onest-dev.nl\/fr\/","name":"Kadans Science Partner","description":"","potentialAction":[{"@type":"SearchAction","target":{"@type":"EntryPoint","urlTemplate":"https:\/\/kadanscom.onest-dev.nl\/fr\/?s={search_term_string}"},"query-input":{"@type":"PropertyValueSpecification","valueRequired":true,"valueName":"search_term_string"}}],"inLanguage":"fr-FR"}]}},"_links":{"self":[{"href":"https:\/\/kadanscom.onest-dev.nl\/fr\/wp-json\/wp\/v2\/pages\/9223","targetHints":{"allow":["GET"]}}],"collection":[{"href":"https:\/\/kadanscom.onest-dev.nl\/fr\/wp-json\/wp\/v2\/pages"}],"about":[{"href":"https:\/\/kadanscom.onest-dev.nl\/fr\/wp-json\/wp\/v2\/types\/page"}],"author":[{"embeddable":true,"href":"https:\/\/kadanscom.onest-dev.nl\/fr\/wp-json\/wp\/v2\/users\/3"}],"replies":[{"embeddable":true,"href":"https:\/\/kadanscom.onest-dev.nl\/fr\/wp-json\/wp\/v2\/comments?post=9223"}],"version-history":[{"count":0,"href":"https:\/\/kadanscom.onest-dev.nl\/fr\/wp-json\/wp\/v2\/pages\/9223\/revisions"}],"up":[{"embeddable":true,"href":"https:\/\/kadanscom.onest-dev.nl\/fr\/wp-json\/wp\/v2\/pages\/9236"}],"wp:attachment":[{"href":"https:\/\/kadanscom.onest-dev.nl\/fr\/wp-json\/wp\/v2\/media?parent=9223"}],"curies":[{"name":"wp","href":"https:\/\/api.w.org\/{rel}","templated":true}]}}