{"id":10930,"date":"2025-01-21T10:07:13","date_gmt":"2025-01-21T10:07:13","guid":{"rendered":"https:\/\/kadans.onest-dev.nl\/?page_id=10930"},"modified":"2025-02-03T10:42:57","modified_gmt":"2025-02-03T10:42:57","slug":"ihub-flexible-laboratories","status":"publish","type":"page","link":"https:\/\/kadanscom.onest-dev.nl\/fr\/installations-specialisees\/ihub-laboratoires-fexibles\/","title":{"rendered":"iHub \/ Laboratoires flexibles"},"content":{"rendered":"<section id=\"hero_1\" class=\"desktop_yes mobile_yes size_small \">\t\r\n\t\r\n\t<div class=\"background_wrap\">\r\n\r\n\t\t\t<img loading=\"lazy\" decoding=\"async\" class=\"object_fit\" \t\t\t\t\t\t\t  \r\n\t\t\t  srcset=\"https:\/\/kadanscom.onest-dev.nl\/wp-content\/uploads\/Rectangle-550_2-650x361.png 650w, https:\/\/kadanscom.onest-dev.nl\/wp-content\/uploads\/Rectangle-550_2-1200x667.png 1024w, https:\/\/kadanscom.onest-dev.nl\/wp-content\/uploads\/Rectangle-550_2-1600x889.png 1800w\" \t\t\t\t\t\t\t\t\t  \r\n\t\t\t  sizes=\"auto, (max-width: 700px) 650px, (max-width: 1200px) 1024px, 1800px\"  \t  \r\n\t\t\t  src=\"https:\/\/kadanscom.onest-dev.nl\/wp-content\/uploads\/Rectangle-550_2-1600x889.png\" \r\n\t\t\t  width=\"1024\"\r\n\t\t\t  height=\"569\"\t\t\t\t\t\t\t  \r\n\t\t\t  alt=\"Moleculen image for Science\" \r\n\t\t\t\/>\r\n\t\t\r\n\t\t\r\n\t<\/div>\r\n\t\r\n\t\r\n\t<div class=\"container\">\r\n\t\t<div class=\"row\">\r\n\t\t\t<div class=\"col-sm-12 col-md-12 col-lg-8 left_column\">\t\t\t\r\n\t\t\t\t<div class=\"outer\">\r\n\t\t\t\t\t<div class=\"inner\">\r\n\t\t\t\t\t\t\r\n\t\t\t\t\t\t<h1 class=\"subtitle\">Installations de laboratoire sur mesure<\/h1>\t\t\t\t\t\t\r\n\t\t\t\t\t\t<h2>D\u00e9couvrez votre espace de recherche sp\u00e9cialis\u00e9<\/h2>\t\t\t\t\t\t\r\n\t\t\t\t\t\t\r\n\t\t\t\t\t\t\t\t\t\t\t\t\r\n\t\t\t\t\t\t\t\t\t\t\t<\/div>\r\n\t\t\t\t<\/div>\t\t\t\t\t\t\r\n\t\t\t<\/div>\r\n\t\t<\/div>\r\n\t<\/div>\r\n\t\r\n\t\r\n<\/section>\r\n\r\n<script>\r\n\tjQuery(document).ready(function($){ \r\n\t\t\r\n\t\t$('body').addClass('has_hero');\r\n\t\t\r\n\t\t$(window).scroll(function(){\r\n\r\n\t\t\tvar curHeight = $('#hero_1').outerHeight();\r\n\t\t\t\r\n\t\t\tif ($(window).scrollTop() > curHeight) {\r\n\t\t\t\t$('#hero_1 .background_wrap').fadeOut(100);\r\n\t\t\t}\t\t\r\n\t\t\telse \r\n\t\t\t{\r\n\t\t\t\t$('#hero_1 .background_wrap').fadeIn(100);\r\n\t\t\t}\r\n\t\t});\r\n\t\t\r\n\t\tif($('#hero_1').nextAll('section:first').hasClass('cta_banner_3')){\r\n\t\t\tvar target = $('#hero_1').nextAll('section:first');\r\n\t\t\t\t$(target).addClass('minus_40');\r\n\t\t}\r\n\t\t\r\n\t});\r\n<\/script>\n\n\r\n<section class=\"whitespace desktop_yes mobile_yes big bg_white\">\r\n<\/section>\n\n\t\r\n<section class=\"text_2 desktop_yes mobile_yes elm_primary_400 \">\r\n\t<div class=\"container\">\r\n\t\t<div class=\"row\">\r\n\t\t\t<div class=\"col-sm-12 col-md-12 col-lg-6\">\r\n\t\t\t\t<h2>Espaces de travail adapt\u00e9s \u00e0 vos besoins<\/h2>\t\t\t\r\n\t\t\t<\/div>\r\n\t\t\t<div class=\"col-sm-12 col-md-12 col-lg-1 vert_line\">\r\n\t\t\t<\/div>\r\n\t\t<\/div>\r\n\t\t\r\n\t\t\r\n\t\t<div class=\"row\">\r\n\t\t\t<div class=\"col-sm-12 col-md-12 col-lg-6 left_column\">\r\n\t\t\t\t\t\t\t\t\t<div class=\"image_outer desktop\">\r\n\t\t\t\t\t\t<div class=\"image_wrap\">\t\r\n\t\t\t\t\t\t\t<img loading=\"lazy\" decoding=\"async\" class=\"object_fit\" \t\t\t\t\t\t\t  \r\n\t\t\t\t\t\t\t  srcset=\"https:\/\/kadanscom.onest-dev.nl\/wp-content\/uploads\/Meatable-Labs-11-650x433.jpg 650w, https:\/\/kadanscom.onest-dev.nl\/wp-content\/uploads\/Meatable-Labs-11-1200x800.jpg 1024w, https:\/\/kadanscom.onest-dev.nl\/wp-content\/uploads\/Meatable-Labs-11-1600x1067.jpg 1800w\" \t\t\t\t\t\t\t\t\t  \r\n\t\t\t\t\t\t\t  sizes=\"auto, (max-width: 700px) 650px, (max-width: 1200px) 1024px, 1800px\"  \t  \r\n\t\t\t\t\t\t\t  src=\"https:\/\/kadanscom.onest-dev.nl\/wp-content\/uploads\/Meatable-Labs-11-1600x1067.jpg\" \r\n\t\t\t\t\t\t\t  width=\"1024\"\r\n\t\t\t\t\t\t\t  height=\"683\"\t\t\t\t\t\t\t  \r\n\t\t\t\t\t\t\t  alt=\"\" \r\n\t\t\t\t\t\t\t\/>\r\n\t\t\t\t\t\t<\/div>\r\n\t\t\t\t\t<\/div>\t\t\t\t\t\r\n\t\t\t\t\t\t\t\r\n\t\t\t<\/div>\r\n\t\t\t<div class=\"col-sm-12 col-md-12 col-lg-1 vert_line\">\r\n\t\t\t<\/div>\t\t\t\r\n\t\t\t<div class=\"col-sm-12 col-md-12 col-lg-5 right_column\">\r\n\t\t\t\t<h3>D\u00e9couvrez nos offres flexibles qui sont parfaites pour votre entreprise en croissance<\/h3>\r\n\t\t\t\t<p>Chez Kadans, nous nous engageons \u00e0 offrir bien plus qu&rsquo;un simple b\u00e2timent. Nous comprenons que vous avez besoin d&rsquo;un laboratoire pr\u00eat \u00e0 \u00eatre transform\u00e9 en un environnement productif pour vos besoins uniques.<\/p>\n<p>Kadans a d\u00e9velopp\u00e9 une approche flexible et unique de la location de laboratoires. Dans certains des principaux hubs scientifiques et d&rsquo;innovation d&rsquo;Europe, nous proposons notre centre d&rsquo;innovation. Ces espaces offrent des laboratoires et des bureaux sur des termes tr\u00e8s flexibles qui sont pr\u00eats \u00e0 \u00eatre occup\u00e9s imm\u00e9diatement. Ces espaces de travail sont parfaits pour les entreprises en croissance ou les projets ponctuels. Nos installations offrent des am\u00e9nagements flexibles et une mont\u00e9e en puissance sans friction.<\/p>\n<p>La plateforme enti\u00e8rement int\u00e9gr\u00e9e de Kadans donne aux entreprises les meilleures chances de r\u00e9ussir. Nos \u00e9quipes immobili\u00e8res internes sont \u00e0 votre disposition pour vous aider avec les op\u00e9rations, les achats et la gestion g\u00e9n\u00e9rale des laboratoires.<\/p>\n\t\t\t\t\r\n\t\t\t\t\r\n\t\t\t\t\t\t\t\t\t<div class=\"image_outer mobile\">\r\n\t\t\t\t\t\t<div class=\"image_wrap\">\t\r\n\t\t\t\t\t\t\t<img loading=\"lazy\" decoding=\"async\" class=\"object_fit\" \t\t\t\t\t\t\t  \r\n\t\t\t\t\t\t\t  srcset=\"https:\/\/kadanscom.onest-dev.nl\/wp-content\/uploads\/Meatable-Labs-11-650x433.jpg 650w, https:\/\/kadanscom.onest-dev.nl\/wp-content\/uploads\/Meatable-Labs-11-1200x800.jpg 1024w, https:\/\/kadanscom.onest-dev.nl\/wp-content\/uploads\/Meatable-Labs-11-1600x1067.jpg 1800w\" \t\t\t\t\t\t\t\t\t  \r\n\t\t\t\t\t\t\t  sizes=\"auto, (max-width: 700px) 650px, (max-width: 1200px) 1024px, 1800px\"  \t  \r\n\t\t\t\t\t\t\t  src=\"https:\/\/kadanscom.onest-dev.nl\/wp-content\/uploads\/Meatable-Labs-11-1600x1067.jpg\" \r\n\t\t\t\t\t\t\t  width=\"1024\"\r\n\t\t\t\t\t\t\t  height=\"683\"\t\t\t\t\t\t\t  \r\n\t\t\t\t\t\t\t  alt=\"\" \r\n\t\t\t\t\t\t\t\/>\r\n\t\t\t\t\t\t<\/div>\r\n\t\t\t\t\t<\/div>\t\t\t\t\t\r\n\t\t\t\t\t\t\t\t\r\n\t\t\t\t\r\n\t\t\t\t\r\n\t\t\t<\/div>\t\t\t\r\n\t\t<\/div>\r\n\t<\/div>\r\n<\/section>\n\n\r\n<section class=\"whitespace desktop_yes mobile_yes big bg_white\">\r\n<\/section>\n\n\t\r\n\r\n<section id=\"cta_banner\" class=\"cta_banner_2 desktop_yes mobile_yes  bg_primary_50\">\r\n\t<div class=\"container\">\r\n\t\t<div class=\"row\">\r\n\t\t\t\t<div class=\"col-sm-12 col-md-5 col-lg-6\">\r\n\t\t\t\t\t\t<img loading=\"lazy\" decoding=\"async\" class=\"object_fit\" \t\t\t\t\t\t\t  \r\n\t\t\t\t\t  srcset=\"https:\/\/kadanscom.onest-dev.nl\/wp-content\/uploads\/Scientist-in-uniform-and-mask-holding-test-tubes-at-laboratory.-Medicine-and-research-in-650x433.jpg 650w, https:\/\/kadanscom.onest-dev.nl\/wp-content\/uploads\/Scientist-in-uniform-and-mask-holding-test-tubes-at-laboratory.-Medicine-and-research-in-1200x800.jpg 1024w, https:\/\/kadanscom.onest-dev.nl\/wp-content\/uploads\/Scientist-in-uniform-and-mask-holding-test-tubes-at-laboratory.-Medicine-and-research-in-1600x1067.jpg 1800w\" \t\t\t\t\t\t\t\t\t  \r\n\t\t\t\t\t  sizes=\"auto, (max-width: 700px) 650px, (max-width: 1200px) 1024px, 1800px\"  \t  \r\n\t\t\t\t\t  src=\"https:\/\/kadanscom.onest-dev.nl\/wp-content\/uploads\/Scientist-in-uniform-and-mask-holding-test-tubes-at-laboratory.-Medicine-and-research-in-1600x1067.jpg\" \r\n\t\t\t\t\t  width=\"1024\"\r\n\t\t\t\t\t  height=\"683\"\t\t\t\t\t\t\t  \r\n\t\t\t\t\t  alt=\"\" \r\n\t\t\t\t\t\/>\r\n\t\t\t\t\t<img loading=\"lazy\" decoding=\"async\" class=\"image_2 object_fit\" \t\t\t\t\t\t\t  \r\n\t\t\t\t\t  srcset=\"https:\/\/kadanscom.onest-dev.nl\/wp-content\/uploads\/James-Sheppard-2021-534x356-1.jpg 650w, https:\/\/kadanscom.onest-dev.nl\/wp-content\/uploads\/James-Sheppard-2021-534x356-1.jpg 1024w, https:\/\/kadanscom.onest-dev.nl\/wp-content\/uploads\/James-Sheppard-2021-534x356-1.jpg 1800w\" \t\t\t\t\t\t\t\t\t  \r\n\t\t\t\t\t  sizes=\"auto, (max-width: 700px) 650px, (max-width: 1200px) 1024px, 1800px\"  \t  \r\n\t\t\t\t\t  src=\"https:\/\/kadanscom.onest-dev.nl\/wp-content\/uploads\/James-Sheppard-2021-534x356-1.jpg\" \r\n\t\t\t\t\t  width=\"534\"\r\n\t\t\t\t\t  height=\"356\"\t\t\t\t\t\t\t  \r\n\t\t\t\t\t  alt=\"James Sheppard is the International Head of Asset Management of Kadans Science Partner\" \r\n\t\t\t\t\t\/>\r\n\t\t\t\t<\/div>\r\n\t\t\t\t<div class=\"col-sm-12 col-md-1 col-lg-1 empty\">\r\n\t\t\t\t<\/div>\r\n\t\t\t\t<div class=\"col-sm-12 col-md-6 col-lg-5\">\r\n\t\t\t\t<h2>Faites-nous savoir quels sont vos besoins sp\u00e9cifiques<\/h2>\t\t\r\n\r\n\t\t\t\t\t\t\t\t\t\t\t<p>\u00cates-vous pr\u00eat \u00e0 trouver votre environnement de recherche id\u00e9al ?<\/p>\n\t\t\t\t\t\r\n\t\t\t\t\t\t\t\t\t\t<div class=\"cta outline dark_blue\"><a href=\"https:\/\/kadanscom.onest-dev.nl\/fr\/contactez-nous\/\">Contactez-nous<\/a>\n<\/div>\t\t\r\n\t\t\t\t<\/div>\r\n\t\t\t\t\r\n\t\t<\/div>\t\t\t\r\n\t<\/div>\r\n<\/section>\n\n\r\n<section id=\"full_width_image\" class=\"image_full desktop_yes mobile_yes \">\r\n\t\r\n\r\n<div class=\"col-sm-12 col-md-12 col-lg-12 parallax_banner\" \r\nstyle=\"background-image:url(https:\/\/kadanscom.onest-dev.nl\/wp-content\/uploads\/Rectangle-550_2.png);\">\r\n<\/div>\r\n\r\n<\/section>","protected":false},"excerpt":{"rendered":"","protected":false},"author":8,"featured_media":0,"parent":9263,"menu_order":0,"comment_status":"closed","ping_status":"closed","template":"","meta":{"_acf_changed":false,"inline_featured_image":false,"footnotes":""},"class_list":["post-10930","page","type-page","status-publish","hentry"],"acf":[],"yoast_head":"<!-- This site is optimized with the Yoast SEO plugin v25.9 - https:\/\/yoast.com\/wordpress\/plugins\/seo\/ -->\n<title>Flexible workspaces in innovative locations<\/title>\n<meta name=\"description\" content=\"Find tailored laboratories, cleanrooms, and pilot plants. Kadans offers Lab Ready spaces designed to meet your research needs.\" \/>\n<meta name=\"robots\" content=\"noindex, follow, max-snippet:-1, max-image-preview:large, max-video-preview:-1\" \/>\n<meta property=\"og:locale\" content=\"fr_FR\" \/>\n<meta property=\"og:type\" content=\"article\" \/>\n<meta property=\"og:title\" content=\"Flexible workspaces in innovative locations\" \/>\n<meta property=\"og:description\" content=\"Find tailored laboratories, cleanrooms, and pilot plants. Kadans offers Lab Ready spaces designed to meet your research needs.\" \/>\n<meta property=\"og:url\" content=\"https:\/\/kadanscom.onest-dev.nl\/fr\/installations-specialisees\/ihub-laboratoires-fexibles\/\" \/>\n<meta property=\"og:site_name\" content=\"Kadans Science Partner\" \/>\n<meta property=\"article:modified_time\" content=\"2025-02-03T10:42:57+00:00\" \/>\n<meta name=\"twitter:card\" content=\"summary_large_image\" \/>\n<script type=\"application\/ld+json\" class=\"yoast-schema-graph\">{\"@context\":\"https:\/\/schema.org\",\"@graph\":[{\"@type\":\"WebPage\",\"@id\":\"https:\/\/kadanscom.onest-dev.nl\/fr\/installations-specialisees\/ihub-laboratoires-fexibles\/\",\"url\":\"https:\/\/kadanscom.onest-dev.nl\/fr\/installations-specialisees\/ihub-laboratoires-fexibles\/\",\"name\":\"Flexible workspaces in innovative locations\",\"isPartOf\":{\"@id\":\"https:\/\/kadanscom.onest-dev.nl\/fr\/#website\"},\"datePublished\":\"2025-01-21T10:07:13+00:00\",\"dateModified\":\"2025-02-03T10:42:57+00:00\",\"description\":\"Find tailored laboratories, cleanrooms, and pilot plants. Kadans offers Lab Ready spaces designed to meet your research needs.\",\"breadcrumb\":{\"@id\":\"https:\/\/kadanscom.onest-dev.nl\/fr\/installations-specialisees\/ihub-laboratoires-fexibles\/#breadcrumb\"},\"inLanguage\":\"fr-FR\",\"potentialAction\":[{\"@type\":\"ReadAction\",\"target\":[\"https:\/\/kadanscom.onest-dev.nl\/fr\/installations-specialisees\/ihub-laboratoires-fexibles\/\"]}]},{\"@type\":\"BreadcrumbList\",\"@id\":\"https:\/\/kadanscom.onest-dev.nl\/fr\/installations-specialisees\/ihub-laboratoires-fexibles\/#breadcrumb\",\"itemListElement\":[{\"@type\":\"ListItem\",\"position\":1,\"name\":\"Home\",\"item\":\"https:\/\/kadanscom.onest-dev.nl\/fr\/\"},{\"@type\":\"ListItem\",\"position\":2,\"name\":\"Installations sp\u00e9cialis\u00e9es\",\"item\":\"https:\/\/kadanscom.onest-dev.nl\/fr\/installations-specialisees\/\"},{\"@type\":\"ListItem\",\"position\":3,\"name\":\"iHub \/ Laboratoires flexibles\"}]},{\"@type\":\"WebSite\",\"@id\":\"https:\/\/kadanscom.onest-dev.nl\/fr\/#website\",\"url\":\"https:\/\/kadanscom.onest-dev.nl\/fr\/\",\"name\":\"Kadans Science Partner\",\"description\":\"\",\"potentialAction\":[{\"@type\":\"SearchAction\",\"target\":{\"@type\":\"EntryPoint\",\"urlTemplate\":\"https:\/\/kadanscom.onest-dev.nl\/fr\/?s={search_term_string}\"},\"query-input\":{\"@type\":\"PropertyValueSpecification\",\"valueRequired\":true,\"valueName\":\"search_term_string\"}}],\"inLanguage\":\"fr-FR\"}]}<\/script>\n<!-- \/ Yoast SEO plugin. -->","yoast_head_json":{"title":"Flexible workspaces in innovative locations","description":"Find tailored laboratories, cleanrooms, and pilot plants. Kadans offers Lab Ready spaces designed to meet your research needs.","robots":{"index":"noindex","follow":"follow","max-snippet":"max-snippet:-1","max-image-preview":"max-image-preview:large","max-video-preview":"max-video-preview:-1"},"og_locale":"fr_FR","og_type":"article","og_title":"Flexible workspaces in innovative locations","og_description":"Find tailored laboratories, cleanrooms, and pilot plants. Kadans offers Lab Ready spaces designed to meet your research needs.","og_url":"https:\/\/kadanscom.onest-dev.nl\/fr\/installations-specialisees\/ihub-laboratoires-fexibles\/","og_site_name":"Kadans Science Partner","article_modified_time":"2025-02-03T10:42:57+00:00","twitter_card":"summary_large_image","schema":{"@context":"https:\/\/schema.org","@graph":[{"@type":"WebPage","@id":"https:\/\/kadanscom.onest-dev.nl\/fr\/installations-specialisees\/ihub-laboratoires-fexibles\/","url":"https:\/\/kadanscom.onest-dev.nl\/fr\/installations-specialisees\/ihub-laboratoires-fexibles\/","name":"Flexible workspaces in innovative locations","isPartOf":{"@id":"https:\/\/kadanscom.onest-dev.nl\/fr\/#website"},"datePublished":"2025-01-21T10:07:13+00:00","dateModified":"2025-02-03T10:42:57+00:00","description":"Find tailored laboratories, cleanrooms, and pilot plants. Kadans offers Lab Ready spaces designed to meet your research needs.","breadcrumb":{"@id":"https:\/\/kadanscom.onest-dev.nl\/fr\/installations-specialisees\/ihub-laboratoires-fexibles\/#breadcrumb"},"inLanguage":"fr-FR","potentialAction":[{"@type":"ReadAction","target":["https:\/\/kadanscom.onest-dev.nl\/fr\/installations-specialisees\/ihub-laboratoires-fexibles\/"]}]},{"@type":"BreadcrumbList","@id":"https:\/\/kadanscom.onest-dev.nl\/fr\/installations-specialisees\/ihub-laboratoires-fexibles\/#breadcrumb","itemListElement":[{"@type":"ListItem","position":1,"name":"Home","item":"https:\/\/kadanscom.onest-dev.nl\/fr\/"},{"@type":"ListItem","position":2,"name":"Installations sp\u00e9cialis\u00e9es","item":"https:\/\/kadanscom.onest-dev.nl\/fr\/installations-specialisees\/"},{"@type":"ListItem","position":3,"name":"iHub \/ Laboratoires flexibles"}]},{"@type":"WebSite","@id":"https:\/\/kadanscom.onest-dev.nl\/fr\/#website","url":"https:\/\/kadanscom.onest-dev.nl\/fr\/","name":"Kadans Science Partner","description":"","potentialAction":[{"@type":"SearchAction","target":{"@type":"EntryPoint","urlTemplate":"https:\/\/kadanscom.onest-dev.nl\/fr\/?s={search_term_string}"},"query-input":{"@type":"PropertyValueSpecification","valueRequired":true,"valueName":"search_term_string"}}],"inLanguage":"fr-FR"}]}},"_links":{"self":[{"href":"https:\/\/kadanscom.onest-dev.nl\/fr\/wp-json\/wp\/v2\/pages\/10930","targetHints":{"allow":["GET"]}}],"collection":[{"href":"https:\/\/kadanscom.onest-dev.nl\/fr\/wp-json\/wp\/v2\/pages"}],"about":[{"href":"https:\/\/kadanscom.onest-dev.nl\/fr\/wp-json\/wp\/v2\/types\/page"}],"author":[{"embeddable":true,"href":"https:\/\/kadanscom.onest-dev.nl\/fr\/wp-json\/wp\/v2\/users\/8"}],"replies":[{"embeddable":true,"href":"https:\/\/kadanscom.onest-dev.nl\/fr\/wp-json\/wp\/v2\/comments?post=10930"}],"version-history":[{"count":0,"href":"https:\/\/kadanscom.onest-dev.nl\/fr\/wp-json\/wp\/v2\/pages\/10930\/revisions"}],"up":[{"embeddable":true,"href":"https:\/\/kadanscom.onest-dev.nl\/fr\/wp-json\/wp\/v2\/pages\/9263"}],"wp:attachment":[{"href":"https:\/\/kadanscom.onest-dev.nl\/fr\/wp-json\/wp\/v2\/media?parent=10930"}],"curies":[{"name":"wp","href":"https:\/\/api.w.org\/{rel}","templated":true}]}}