{"id":9257,"date":"2024-12-06T11:37:21","date_gmt":"2024-12-06T11:37:21","guid":{"rendered":"https:\/\/kadans.onest-dev.nl\/laboratory-space\/"},"modified":"2025-01-30T09:22:19","modified_gmt":"2025-01-30T09:22:19","slug":"espacio-de-laboratorio","status":"publish","type":"page","link":"https:\/\/kadanscom.onest-dev.nl\/es\/instalaciones-especializadas\/espacio-de-laboratorio\/","title":{"rendered":"Espacio de laboratorio"},"content":{"rendered":"<section id=\"hero_1\" class=\"desktop_yes mobile_yes size_small \">\t\r\n\t\r\n\t<div class=\"background_wrap\">\r\n\r\n\t\t\t<img loading=\"lazy\" decoding=\"async\" class=\"object_fit\" \t\t\t\t\t\t\t  \r\n\t\t\t  srcset=\"https:\/\/kadanscom.onest-dev.nl\/wp-content\/uploads\/Rectangle-550_2-650x361.png 650w, https:\/\/kadanscom.onest-dev.nl\/wp-content\/uploads\/Rectangle-550_2-1200x667.png 1024w, https:\/\/kadanscom.onest-dev.nl\/wp-content\/uploads\/Rectangle-550_2-1600x889.png 1800w\" \t\t\t\t\t\t\t\t\t  \r\n\t\t\t  sizes=\"auto, (max-width: 700px) 650px, (max-width: 1200px) 1024px, 1800px\"  \t  \r\n\t\t\t  src=\"https:\/\/kadanscom.onest-dev.nl\/wp-content\/uploads\/Rectangle-550_2-1600x889.png\" \r\n\t\t\t  width=\"1024\"\r\n\t\t\t  height=\"569\"\t\t\t\t\t\t\t  \r\n\t\t\t  alt=\"Moleculen image for Science\" \r\n\t\t\t\/>\r\n\t\t\r\n\t\t\r\n\t<\/div>\r\n\t\r\n\t\r\n\t<div class=\"container\">\r\n\t\t<div class=\"row\">\r\n\t\t\t<div class=\"col-sm-12 col-md-12 col-lg-8 left_column\">\t\t\t\r\n\t\t\t\t<div class=\"outer\">\r\n\t\t\t\t\t<div class=\"inner\">\r\n\t\t\t\t\t\t\r\n\t\t\t\t\t\t<h1 class=\"subtitle\">Instalaciones de Laboratorio, a medida<\/h1>\t\t\t\t\t\t\r\n\t\t\t\t\t\t<h2>Descubre tu espacio de investigaci\u00f3n especializado<\/h2>\t\t\t\t\t\t\r\n\t\t\t\t\t\t\r\n\t\t\t\t\t\t\t\t\t\t\t\t\r\n\t\t\t\t\t\t\t\t\t\t\t<\/div>\r\n\t\t\t\t<\/div>\t\t\t\t\t\t\r\n\t\t\t<\/div>\r\n\t\t<\/div>\r\n\t<\/div>\r\n\t\r\n\t\r\n<\/section>\r\n\r\n<script>\r\n\tjQuery(document).ready(function($){ \r\n\t\t\r\n\t\t$('body').addClass('has_hero');\r\n\t\t\r\n\t\t$(window).scroll(function(){\r\n\r\n\t\t\tvar curHeight = $('#hero_1').outerHeight();\r\n\t\t\t\r\n\t\t\tif ($(window).scrollTop() > curHeight) {\r\n\t\t\t\t$('#hero_1 .background_wrap').fadeOut(100);\r\n\t\t\t}\t\t\r\n\t\t\telse \r\n\t\t\t{\r\n\t\t\t\t$('#hero_1 .background_wrap').fadeIn(100);\r\n\t\t\t}\r\n\t\t});\r\n\t\t\r\n\t\tif($('#hero_1').nextAll('section:first').hasClass('cta_banner_3')){\r\n\t\t\tvar target = $('#hero_1').nextAll('section:first');\r\n\t\t\t\t$(target).addClass('minus_40');\r\n\t\t}\r\n\t\t\r\n\t});\r\n<\/script>\n\n\r\n<section class=\"whitespace desktop_yes mobile_yes big bg_white\">\r\n<\/section>\n\n\t\r\n<section class=\"text_2 desktop_yes mobile_yes elm_primary_400 \">\r\n\t<div class=\"container\">\r\n\t\t<div class=\"row\">\r\n\t\t\t<div class=\"col-sm-12 col-md-12 col-lg-6\">\r\n\t\t\t\t<h2>Espacios de trabajo adaptados a tus necesidades<\/h2>\t\t\t\r\n\t\t\t<\/div>\r\n\t\t\t<div class=\"col-sm-12 col-md-12 col-lg-1 vert_line\">\r\n\t\t\t<\/div>\r\n\t\t<\/div>\r\n\t\t\r\n\t\t\r\n\t\t<div class=\"row\">\r\n\t\t\t<div class=\"col-sm-12 col-md-12 col-lg-6 left_column\">\r\n\t\t\t\t\t\t\t\t\t<div class=\"image_outer desktop\">\r\n\t\t\t\t\t\t<div class=\"image_wrap\">\t\r\n\t\t\t\t\t\t\t<img loading=\"lazy\" decoding=\"async\" class=\"object_fit\" \t\t\t\t\t\t\t  \r\n\t\t\t\t\t\t\t  srcset=\"https:\/\/kadanscom.onest-dev.nl\/wp-content\/uploads\/Zoom-lab-equipment.jpg 650w, https:\/\/kadanscom.onest-dev.nl\/wp-content\/uploads\/Zoom-lab-equipment.jpg 1024w, https:\/\/kadanscom.onest-dev.nl\/wp-content\/uploads\/Zoom-lab-equipment.jpg 1800w\" \t\t\t\t\t\t\t\t\t  \r\n\t\t\t\t\t\t\t  sizes=\"auto, (max-width: 700px) 650px, (max-width: 1200px) 1024px, 1800px\"  \t  \r\n\t\t\t\t\t\t\t  src=\"https:\/\/kadanscom.onest-dev.nl\/wp-content\/uploads\/Zoom-lab-equipment.jpg\" \r\n\t\t\t\t\t\t\t  width=\"1024\"\r\n\t\t\t\t\t\t\t  height=\"683\"\t\t\t\t\t\t\t  \r\n\t\t\t\t\t\t\t  alt=\"Zoom lab equipment\" \r\n\t\t\t\t\t\t\t\/>\r\n\t\t\t\t\t\t<\/div>\r\n\t\t\t\t\t<\/div>\t\t\t\t\t\r\n\t\t\t\t\t\t\t\r\n\t\t\t<\/div>\r\n\t\t\t<div class=\"col-sm-12 col-md-12 col-lg-1 vert_line\">\r\n\t\t\t<\/div>\t\t\t\r\n\t\t\t<div class=\"col-sm-12 col-md-12 col-lg-5 right_column\">\r\n\t\t\t\t<h3>Descubre nuestros espacios de laboratorio entregados seg\u00fan las necesidades de tu negocio<\/h3>\r\n\t\t\t\t<p>En Kadans queremos ofrecerte algo m\u00e1s que un buen edificio. Entendemos que necesitas un espacio de trabajo que cumpla con los m\u00e1s altos est\u00e1ndares t\u00e9cnicos y preparado para transformarse en un entorno productivo y \u00fanico para resolver tus necesidades.<\/p>\n<p>Kadans hprovee de espacios de laboratorio a algunos de las principales empresas innovadoras del mundo. En los \u00faltimos 20 a\u00f1os, hemos adquirido una experiencia significativa en la entrega de laboratorios h\u00famedos para biolog\u00eda y qu\u00edmica, as\u00ed como \u00a0laboratorios secos en los principales clusters de innovaci\u00f3n de Europa.<\/p>\n<p>Adem\u00e1s tenemos una amplia experiencia en la entrega de laboratorios espec\u00edficos con distintos niveles de contenci\u00f3n y seguridad biol\u00f3gica garantizando que siempre podremos satisfacer tus necesidades. Nuestros laboratorios se entregan con los m\u00e1s altos est\u00e1ndares normativbos, permitiendo que puedas operar de manera segura y eficiente.<\/p>\n\t\t\t\t\r\n\t\t\t\t\r\n\t\t\t\t\t\t\t\t\t<div class=\"image_outer mobile\">\r\n\t\t\t\t\t\t<div class=\"image_wrap\">\t\r\n\t\t\t\t\t\t\t<img loading=\"lazy\" decoding=\"async\" class=\"object_fit\" \t\t\t\t\t\t\t  \r\n\t\t\t\t\t\t\t  srcset=\"https:\/\/kadanscom.onest-dev.nl\/wp-content\/uploads\/Zoom-lab-equipment.jpg 650w, https:\/\/kadanscom.onest-dev.nl\/wp-content\/uploads\/Zoom-lab-equipment.jpg 1024w, https:\/\/kadanscom.onest-dev.nl\/wp-content\/uploads\/Zoom-lab-equipment.jpg 1800w\" \t\t\t\t\t\t\t\t\t  \r\n\t\t\t\t\t\t\t  sizes=\"auto, (max-width: 700px) 650px, (max-width: 1200px) 1024px, 1800px\"  \t  \r\n\t\t\t\t\t\t\t  src=\"https:\/\/kadanscom.onest-dev.nl\/wp-content\/uploads\/Zoom-lab-equipment.jpg\" \r\n\t\t\t\t\t\t\t  width=\"1024\"\r\n\t\t\t\t\t\t\t  height=\"683\"\t\t\t\t\t\t\t  \r\n\t\t\t\t\t\t\t  alt=\"Zoom lab equipment\" \r\n\t\t\t\t\t\t\t\/>\r\n\t\t\t\t\t\t<\/div>\r\n\t\t\t\t\t<\/div>\t\t\t\t\t\r\n\t\t\t\t\t\t\t\t\r\n\t\t\t\t\r\n\t\t\t\t\r\n\t\t\t<\/div>\t\t\t\r\n\t\t<\/div>\r\n\t<\/div>\r\n<\/section>\n\n\r\n<section class=\"whitespace desktop_yes mobile_yes big bg_white\">\r\n<\/section>\n\n\t\r\n\r\n<section id=\"cta_banner\" class=\"cta_banner_2 desktop_yes mobile_yes  bg_primary_50\">\r\n\t<div class=\"container\">\r\n\t\t<div class=\"row\">\r\n\t\t\t\t<div class=\"col-sm-12 col-md-5 col-lg-6\">\r\n\t\t\t\t\t\t<img loading=\"lazy\" decoding=\"async\" class=\"object_fit\" \t\t\t\t\t\t\t  \r\n\t\t\t\t\t  srcset=\"https:\/\/kadanscom.onest-dev.nl\/wp-content\/uploads\/Scientist-in-uniform-and-mask-holding-test-tubes-at-laboratory.-Medicine-and-research-in-650x433.jpg 650w, https:\/\/kadanscom.onest-dev.nl\/wp-content\/uploads\/Scientist-in-uniform-and-mask-holding-test-tubes-at-laboratory.-Medicine-and-research-in-1200x800.jpg 1024w, https:\/\/kadanscom.onest-dev.nl\/wp-content\/uploads\/Scientist-in-uniform-and-mask-holding-test-tubes-at-laboratory.-Medicine-and-research-in-1600x1067.jpg 1800w\" \t\t\t\t\t\t\t\t\t  \r\n\t\t\t\t\t  sizes=\"auto, (max-width: 700px) 650px, (max-width: 1200px) 1024px, 1800px\"  \t  \r\n\t\t\t\t\t  src=\"https:\/\/kadanscom.onest-dev.nl\/wp-content\/uploads\/Scientist-in-uniform-and-mask-holding-test-tubes-at-laboratory.-Medicine-and-research-in-1600x1067.jpg\" \r\n\t\t\t\t\t  width=\"1024\"\r\n\t\t\t\t\t  height=\"683\"\t\t\t\t\t\t\t  \r\n\t\t\t\t\t  alt=\"\" \r\n\t\t\t\t\t\/>\r\n\t\t\t\t\t<img loading=\"lazy\" decoding=\"async\" class=\"image_2 object_fit\" \t\t\t\t\t\t\t  \r\n\t\t\t\t\t  srcset=\"https:\/\/kadanscom.onest-dev.nl\/wp-content\/uploads\/James-Sheppard-2021-534x356-1.jpg 650w, https:\/\/kadanscom.onest-dev.nl\/wp-content\/uploads\/James-Sheppard-2021-534x356-1.jpg 1024w, https:\/\/kadanscom.onest-dev.nl\/wp-content\/uploads\/James-Sheppard-2021-534x356-1.jpg 1800w\" \t\t\t\t\t\t\t\t\t  \r\n\t\t\t\t\t  sizes=\"auto, (max-width: 700px) 650px, (max-width: 1200px) 1024px, 1800px\"  \t  \r\n\t\t\t\t\t  src=\"https:\/\/kadanscom.onest-dev.nl\/wp-content\/uploads\/James-Sheppard-2021-534x356-1.jpg\" \r\n\t\t\t\t\t  width=\"534\"\r\n\t\t\t\t\t  height=\"356\"\t\t\t\t\t\t\t  \r\n\t\t\t\t\t  alt=\"James Sheppard is the International Head of Asset Management of Kadans Science Partner\" \r\n\t\t\t\t\t\/>\r\n\t\t\t\t<\/div>\r\n\t\t\t\t<div class=\"col-sm-12 col-md-1 col-lg-1 empty\">\r\n\t\t\t\t<\/div>\r\n\t\t\t\t<div class=\"col-sm-12 col-md-6 col-lg-5\">\r\n\t\t\t\t<h2>Dinos cu\u00e1les son tus necesidades espec\u00edficas<\/h2>\t\t\r\n\r\n\t\t\t\t\t\t\t\t\t\t\t<p>\u00bfBuscas \u00a0el entorno ideal para tu investigaci\u00f3n?<\/p>\n\t\t\t\t\t\r\n\t\t\t\t\t\t\t\t\t\t<div class=\"cta outline dark_blue\"><a href=\"https:\/\/kadanscom.onest-dev.nl\/es\/contact\/\">Cont\u00e1ctanos<\/a>\n<\/div>\t\t\r\n\t\t\t\t<\/div>\r\n\t\t\t\t\r\n\t\t<\/div>\t\t\t\r\n\t<\/div>\r\n<\/section>\n\n\r\n<section id=\"full_width_image\" class=\"image_full desktop_yes mobile_yes \">\r\n\t\r\n\r\n<div class=\"col-sm-12 col-md-12 col-lg-12 parallax_banner\" \r\nstyle=\"background-image:url(https:\/\/kadanscom.onest-dev.nl\/wp-content\/uploads\/Rectangle-550_2.png);\">\r\n<\/div>\r\n\r\n<\/section>","protected":false},"excerpt":{"rendered":"","protected":false},"author":3,"featured_media":0,"parent":9265,"menu_order":0,"comment_status":"closed","ping_status":"closed","template":"","meta":{"_acf_changed":false,"inline_featured_image":false,"footnotes":""},"class_list":["post-9257","page","type-page","status-publish","hentry"],"acf":[],"yoast_head":"<!-- This site is optimized with the Yoast SEO plugin v25.9 - https:\/\/yoast.com\/wordpress\/plugins\/seo\/ -->\n<title>Bespoke Labs and R&amp;D Facilities by Kadans<\/title>\n<meta name=\"description\" content=\"Find tailored laboratories, cleanrooms, and pilot plants. Kadans offers Lab Ready spaces designed to meet your research needs.\" \/>\n<meta name=\"robots\" content=\"noindex, follow, max-snippet:-1, max-image-preview:large, max-video-preview:-1\" \/>\n<meta property=\"og:locale\" content=\"es_ES\" \/>\n<meta property=\"og:type\" content=\"article\" \/>\n<meta property=\"og:title\" content=\"Bespoke Labs and R&amp;D Facilities by Kadans\" \/>\n<meta property=\"og:description\" content=\"Find tailored laboratories, cleanrooms, and pilot plants. Kadans offers Lab Ready spaces designed to meet your research needs.\" \/>\n<meta property=\"og:url\" content=\"https:\/\/kadanscom.onest-dev.nl\/es\/instalaciones-especializadas\/espacio-de-laboratorio\/\" \/>\n<meta property=\"og:site_name\" content=\"Kadans Science Partner\" \/>\n<meta property=\"article:modified_time\" content=\"2025-01-30T09:22:19+00:00\" \/>\n<meta name=\"twitter:card\" content=\"summary_large_image\" \/>\n<script type=\"application\/ld+json\" class=\"yoast-schema-graph\">{\"@context\":\"https:\/\/schema.org\",\"@graph\":[{\"@type\":\"WebPage\",\"@id\":\"https:\/\/kadanscom.onest-dev.nl\/es\/instalaciones-especializadas\/espacio-de-laboratorio\/\",\"url\":\"https:\/\/kadanscom.onest-dev.nl\/es\/instalaciones-especializadas\/espacio-de-laboratorio\/\",\"name\":\"Bespoke Labs and R&D Facilities by Kadans\",\"isPartOf\":{\"@id\":\"https:\/\/kadanscom.onest-dev.nl\/es\/#website\"},\"datePublished\":\"2024-12-06T11:37:21+00:00\",\"dateModified\":\"2025-01-30T09:22:19+00:00\",\"description\":\"Find tailored laboratories, cleanrooms, and pilot plants. Kadans offers Lab Ready spaces designed to meet your research needs.\",\"breadcrumb\":{\"@id\":\"https:\/\/kadanscom.onest-dev.nl\/es\/instalaciones-especializadas\/espacio-de-laboratorio\/#breadcrumb\"},\"inLanguage\":\"es\",\"potentialAction\":[{\"@type\":\"ReadAction\",\"target\":[\"https:\/\/kadanscom.onest-dev.nl\/es\/instalaciones-especializadas\/espacio-de-laboratorio\/\"]}]},{\"@type\":\"BreadcrumbList\",\"@id\":\"https:\/\/kadanscom.onest-dev.nl\/es\/instalaciones-especializadas\/espacio-de-laboratorio\/#breadcrumb\",\"itemListElement\":[{\"@type\":\"ListItem\",\"position\":1,\"name\":\"Home\",\"item\":\"https:\/\/kadanscom.onest-dev.nl\/es\/\"},{\"@type\":\"ListItem\",\"position\":2,\"name\":\"Instalaciones especializadas\",\"item\":\"https:\/\/kadanscom.onest-dev.nl\/es\/instalaciones-especializadas\/\"},{\"@type\":\"ListItem\",\"position\":3,\"name\":\"Espacio de laboratorio\"}]},{\"@type\":\"WebSite\",\"@id\":\"https:\/\/kadanscom.onest-dev.nl\/es\/#website\",\"url\":\"https:\/\/kadanscom.onest-dev.nl\/es\/\",\"name\":\"Kadans Science Partner\",\"description\":\"\",\"potentialAction\":[{\"@type\":\"SearchAction\",\"target\":{\"@type\":\"EntryPoint\",\"urlTemplate\":\"https:\/\/kadanscom.onest-dev.nl\/es\/?s={search_term_string}\"},\"query-input\":{\"@type\":\"PropertyValueSpecification\",\"valueRequired\":true,\"valueName\":\"search_term_string\"}}],\"inLanguage\":\"es\"}]}<\/script>\n<!-- \/ Yoast SEO plugin. -->","yoast_head_json":{"title":"Bespoke Labs and R&D Facilities by Kadans","description":"Find tailored laboratories, cleanrooms, and pilot plants. Kadans offers Lab Ready spaces designed to meet your research needs.","robots":{"index":"noindex","follow":"follow","max-snippet":"max-snippet:-1","max-image-preview":"max-image-preview:large","max-video-preview":"max-video-preview:-1"},"og_locale":"es_ES","og_type":"article","og_title":"Bespoke Labs and R&D Facilities by Kadans","og_description":"Find tailored laboratories, cleanrooms, and pilot plants. Kadans offers Lab Ready spaces designed to meet your research needs.","og_url":"https:\/\/kadanscom.onest-dev.nl\/es\/instalaciones-especializadas\/espacio-de-laboratorio\/","og_site_name":"Kadans Science Partner","article_modified_time":"2025-01-30T09:22:19+00:00","twitter_card":"summary_large_image","schema":{"@context":"https:\/\/schema.org","@graph":[{"@type":"WebPage","@id":"https:\/\/kadanscom.onest-dev.nl\/es\/instalaciones-especializadas\/espacio-de-laboratorio\/","url":"https:\/\/kadanscom.onest-dev.nl\/es\/instalaciones-especializadas\/espacio-de-laboratorio\/","name":"Bespoke Labs and R&D Facilities by Kadans","isPartOf":{"@id":"https:\/\/kadanscom.onest-dev.nl\/es\/#website"},"datePublished":"2024-12-06T11:37:21+00:00","dateModified":"2025-01-30T09:22:19+00:00","description":"Find tailored laboratories, cleanrooms, and pilot plants. Kadans offers Lab Ready spaces designed to meet your research needs.","breadcrumb":{"@id":"https:\/\/kadanscom.onest-dev.nl\/es\/instalaciones-especializadas\/espacio-de-laboratorio\/#breadcrumb"},"inLanguage":"es","potentialAction":[{"@type":"ReadAction","target":["https:\/\/kadanscom.onest-dev.nl\/es\/instalaciones-especializadas\/espacio-de-laboratorio\/"]}]},{"@type":"BreadcrumbList","@id":"https:\/\/kadanscom.onest-dev.nl\/es\/instalaciones-especializadas\/espacio-de-laboratorio\/#breadcrumb","itemListElement":[{"@type":"ListItem","position":1,"name":"Home","item":"https:\/\/kadanscom.onest-dev.nl\/es\/"},{"@type":"ListItem","position":2,"name":"Instalaciones especializadas","item":"https:\/\/kadanscom.onest-dev.nl\/es\/instalaciones-especializadas\/"},{"@type":"ListItem","position":3,"name":"Espacio de laboratorio"}]},{"@type":"WebSite","@id":"https:\/\/kadanscom.onest-dev.nl\/es\/#website","url":"https:\/\/kadanscom.onest-dev.nl\/es\/","name":"Kadans Science Partner","description":"","potentialAction":[{"@type":"SearchAction","target":{"@type":"EntryPoint","urlTemplate":"https:\/\/kadanscom.onest-dev.nl\/es\/?s={search_term_string}"},"query-input":{"@type":"PropertyValueSpecification","valueRequired":true,"valueName":"search_term_string"}}],"inLanguage":"es"}]}},"_links":{"self":[{"href":"https:\/\/kadanscom.onest-dev.nl\/es\/wp-json\/wp\/v2\/pages\/9257","targetHints":{"allow":["GET"]}}],"collection":[{"href":"https:\/\/kadanscom.onest-dev.nl\/es\/wp-json\/wp\/v2\/pages"}],"about":[{"href":"https:\/\/kadanscom.onest-dev.nl\/es\/wp-json\/wp\/v2\/types\/page"}],"author":[{"embeddable":true,"href":"https:\/\/kadanscom.onest-dev.nl\/es\/wp-json\/wp\/v2\/users\/3"}],"replies":[{"embeddable":true,"href":"https:\/\/kadanscom.onest-dev.nl\/es\/wp-json\/wp\/v2\/comments?post=9257"}],"version-history":[{"count":0,"href":"https:\/\/kadanscom.onest-dev.nl\/es\/wp-json\/wp\/v2\/pages\/9257\/revisions"}],"up":[{"embeddable":true,"href":"https:\/\/kadanscom.onest-dev.nl\/es\/wp-json\/wp\/v2\/pages\/9265"}],"wp:attachment":[{"href":"https:\/\/kadanscom.onest-dev.nl\/es\/wp-json\/wp\/v2\/media?parent=9257"}],"curies":[{"name":"wp","href":"https:\/\/api.w.org\/{rel}","templated":true}]}}