{"id":9234,"date":"2024-12-06T11:34:39","date_gmt":"2024-12-06T11:34:39","guid":{"rendered":"https:\/\/kadans.onest-dev.nl\/about-kadans\/"},"modified":"2025-01-30T09:24:34","modified_gmt":"2025-01-30T09:24:34","slug":"sobre-kadans","status":"publish","type":"page","link":"https:\/\/kadanscom.onest-dev.nl\/es\/sobre-kadans\/","title":{"rendered":"Sobre Kadans"},"content":{"rendered":"<section id=\"hero_1\" class=\"desktop_yes mobile_yes size_big \">\t\r\n\t\r\n\t<div class=\"background_wrap\">\r\n\r\n\t\t\r\n\t\t\t\t\t<video muted autoplay loop poster=\"https:\/\/kadanscom.onest-dev.nl\/wp-content\/uploads\/Molecules-scaled.jpg\" preload=\"auto\" src=\"https:\/\/kadanscom.onest-dev.nl\/wp-content\/uploads\/BANNER-KADANS-2025-h264.mov\" playsinline=\"\"><\/video>\t\t\t\r\n\t\t\t\r\n\t\t\r\n\t<\/div>\r\n\t\r\n\t\r\n\t<div class=\"container\">\r\n\t\t<div class=\"row\">\r\n\t\t\t<div class=\"col-sm-12 col-md-12 col-lg-8 left_column\">\t\t\t\r\n\t\t\t\t<div class=\"outer\">\r\n\t\t\t\t\t<div class=\"inner\">\r\n\t\t\t\t\t\t\r\n\t\t\t\t\t\t<h1 class=\"subtitle\">Sobre Kadans Science Partner<\/h1>\t\t\t\t\t\t\r\n\t\t\t\t\t\t<h2>M\u00e1s de 20 a\u00f1os de experiencia apoyando la ciencia<\/h2>\t\t\t\t\t\t\r\n\t\t\t\t\t\t\r\n\t\t\t\t\t\t\t\t\t\t\t\t\r\n\t\t\t\t\t\t\t\t\t\t\t<\/div>\r\n\t\t\t\t<\/div>\t\t\t\t\t\t\r\n\t\t\t<\/div>\r\n\t\t<\/div>\r\n\t<\/div>\r\n\t\r\n\t\r\n<\/section>\r\n\r\n<script>\r\n\tjQuery(document).ready(function($){ \r\n\t\t\r\n\t\t$('body').addClass('has_hero');\r\n\t\t\r\n\t\t$(window).scroll(function(){\r\n\r\n\t\t\tvar curHeight = $('#hero_1').outerHeight();\r\n\t\t\t\r\n\t\t\tif ($(window).scrollTop() > curHeight) {\r\n\t\t\t\t$('#hero_1 .background_wrap').fadeOut(100);\r\n\t\t\t}\t\t\r\n\t\t\telse \r\n\t\t\t{\r\n\t\t\t\t$('#hero_1 .background_wrap').fadeIn(100);\r\n\t\t\t}\r\n\t\t});\r\n\t\t\r\n\t\tif($('#hero_1').nextAll('section:first').hasClass('cta_banner_3')){\r\n\t\t\tvar target = $('#hero_1').nextAll('section:first');\r\n\t\t\t\t$(target).addClass('minus_40');\r\n\t\t}\r\n\t\t\r\n\t});\r\n<\/script>\n\n\r\n<section class=\"whitespace desktop_yes mobile_yes middle bg_white\">\r\n<\/section>\n\n\t\r\n\r\n<section class=\"text_foto desktop_yes mobile_yes elm_primary_400 \">\r\n\t<div class=\"container\">\r\n\t\t<div class=\"row\">\t\t\r\n\t\t\t\t\r\n\t\t\r\n\t<div class=\"col-sm-12 col-md-1 col-lg-1 vert_line\">\r\n\t<\/div>\r\n\t\r\n\t<div class=\"col-sm-12 col-md-5 col-lg-5 text_col\">\r\n\t\t<div class=\"inner\">\r\n\t\t\t<h2> Como <span>socio en ciencia<\/span>, nos enfocamos en reunir a las personas para superar desaf\u00edos globales<\/h2>\t\t\t\r\n\t\t\t<p>Kadans Science Partner se enfoca en reunir a las personas para superar desaf\u00edos globales.<br \/>\nEn toda Europa, hemos construido una red de investigadores l\u00edderes, emprendedores, socios e innovadores, activos en Ciencias de la Vida y Salud, Agroalimentaci\u00f3n, Energ\u00eda y Qu\u00edmica, y Sistemas y Materiales de Alta Tecnolog\u00eda. Todos decididos a encontrar soluciones a los desaf\u00edos globales que enfrentamos hoy. Todos decididos a marcar la diferencia.<\/p>\n<p>Por lo tanto, invertimos, desarrollamos y operamos activos especializados para complementar los cl\u00fasteres cient\u00edficos en toda Europa. Estos no son solo espacios de trabajo est\u00e1ndar. Creamos entornos en los que las organizaciones cient\u00edficas pueden prosperar. Instalaciones de investigaci\u00f3n a medida que se adaptan a sus necesidades y apoyan el crecimiento futuro.<\/p>\n<p>Dentro de cada edificio y cl\u00faster cient\u00edfico m\u00e1s amplio, encontrar\u00e1 organizaciones de todos los tama\u00f1os, que pueden ayudarlo a escalar o apoyarlo seg\u00fan sea necesario. Ya sea que necesite acceso a talento, investigaci\u00f3n o capital, encontrar\u00e1 conexiones con las personas adecuadas, en la organizaci\u00f3n adecuada.<\/p>\n\t\t\t\r\n\t\t\t\t\t\t\r\n\t\t\t\t\t\t\t\t\t\r\n\t\t<\/div>\r\n\t<\/div>\r\n\r\n\t<div class=\"col-sm-12 col-md-1 col-lg-1 middle_col\">\r\n\t<\/div>\r\n\r\n\t<div class=\"col-sm-12 col-md-5 col-lg-5 photo photo_col right\">\r\n\t\t<div class=\"inner\">\r\n\t\t\t<img loading=\"lazy\" decoding=\"async\" class=\"object_fit\" \t\t\t\t\t\t\t  \r\n\t\t\t\t  srcset=\"https:\/\/kadanscom.onest-dev.nl\/wp-content\/uploads\/Schermafbeelding-2024-12-17-om-14.54.53-e1734443770393.png 650w, https:\/\/kadanscom.onest-dev.nl\/wp-content\/uploads\/Schermafbeelding-2024-12-17-om-14.54.53-e1734443770393.png 1024w, https:\/\/kadanscom.onest-dev.nl\/wp-content\/uploads\/Schermafbeelding-2024-12-17-om-14.54.53-e1734443770393.png 1800w\" \t\t\t\t\t\t\t\t\t  \r\n\t\t\t\t  sizes=\"auto, (max-width: 700px) 650px, (max-width: 1200px) 1024px, 1800px\"  \t  \r\n\t\t\t\t  src=\"https:\/\/kadanscom.onest-dev.nl\/wp-content\/uploads\/Schermafbeelding-2024-12-17-om-14.54.53-e1734443770393.png\" \r\n\t\t\t\t  width=\"645\"\r\n\t\t\t\t  height=\"330\"\t\t\t\t\t\t\t  \r\n\t\t\t\t  alt=\"\" \r\n\t\t\t\t\/>\r\n\t\t<\/div>\t\r\n\t<\/div>\r\n\t\t<\/div>\r\n\t<\/div>\r\n<\/section>\n\n\r\n<section class=\"whitespace desktop_yes mobile_yes big bg_white\">\r\n<\/section>\n\n<section id=\"video_block\" class=\"text_video\">\r\n\t<div class=\"container\">\t\t\r\n\t\t<div class=\"row\">\t\r\n\t\t\t<div class=\"col-sm-12 col-md-12 col-lg-1 empty\">\r\n\t\t\t<\/div>\r\n\t\t\t<div class=\"col-sm-12 col-md-12 col-lg-10\">\r\n\t\t\t\t<div class=\"subheading\">\r\n\t\t\t\t\t\t\t\t<\/div>\r\n\t\t\t\t\t\t\t\t\t\t\r\n\t\t\t\r\n\t\t\t\t\t\r\n\t\t\t\t\t\t\t\t\r\n\t\t\t<\/div>\r\n\t\t\t<div class=\"col-sm-12 col-md-12 col-lg-1 empty\">\r\n\t\t\t<\/div>\r\n\t\t<\/div>\r\n\t\t<div class=\"row\">\t\r\n\t\t\t<div class=\"col-sm-12 col-md-12 col-lg-12\">\r\n\r\n\t\t\t\t<div class=\"video\">\r\n\t\t\t\t\t<iframe loading=\"lazy\" width=\"1120\" height=\"630\" src=\"https:\/\/www.youtube.com\/embed\/zsxI4dtIv7k?si=hcpYtfc8QKfmfLfG\" title=\"YouTube video player\" frameborder=\"0\" allow=\"accelerometer; autoplay; clipboard-write; encrypted-media; gyroscope; picture-in-picture; web-share\" referrerpolicy=\"strict-origin-when-cross-origin\" allowfullscreen><\/iframe>\t\t\t\t<\/div>\r\n\t\t\t\r\n\t\t\t<\/div>\r\n\r\n\t\t<\/div>\r\n\t<\/div>\r\n<\/section>\t\n\n\r\n<section class=\"whitespace desktop_yes mobile_yes big bg_white\">\r\n<\/section>\n\n\t\r\n<section id=\"text_foto_2\" class=\"text_foto text_foto_2 desktop_yes mobile_yes \">\r\n\t<div class=\"container\">\r\n\t\t<div class=\"row no-gutters\">\t\t\r\n\t\t\t\r\n\t\t\t<div class=\"col-sm-12 col-md-5 col-lg-5 photo photo_col left\">\r\n\t\t\t\t<div class=\"inner\">\r\n\t\t\t\t\t\r\n\t\t\t\t\t<img loading=\"lazy\" decoding=\"async\" class=\"object_fit\" \t\t\t\t\t\t\t  \r\n\t\t\t\t\t\t  srcset=\"https:\/\/kadanscom.onest-dev.nl\/wp-content\/uploads\/One-North-Quay-lab-650x366.png 650w, https:\/\/kadanscom.onest-dev.nl\/wp-content\/uploads\/One-North-Quay-lab-1200x675.png 1024w, https:\/\/kadanscom.onest-dev.nl\/wp-content\/uploads\/One-North-Quay-lab-1600x900.png 1800w\" \t\t\t\t\t\t\t\t\t  \r\n\t\t\t\t\t\t  sizes=\"auto, (max-width: 700px) 650px, (max-width: 1200px) 1024px, 1800px\"  \t  \r\n\t\t\t\t\t\t  src=\"https:\/\/kadanscom.onest-dev.nl\/wp-content\/uploads\/One-North-Quay-lab-1600x900.png\" \r\n\t\t\t\t\t\t  width=\"1024\"\r\n\t\t\t\t\t\t  height=\"576\"\t\t\t\t\t\t\t  \r\n\t\t\t\t\t\t  alt=\"One North Quay lab\" \r\n\t\t\t\t\t\t\/>\r\n\t\t\t\t\t\t\r\n\t\t\t\t<\/div>\t\r\n\t\t\t<\/div>\r\n\r\n\t\t\t<div class=\"col-sm-12 col-md-7 col-lg-7 text_col\">\r\n\t\t\t\t<div class=\"inner\">\r\n\t\t\t\t\t\r\n\t\t\t\t\t\r\n\t\t\t\t\t\t\t\t\t\t\r\n\t\t\t\t\t\r\n\t\t\t\t\t\r\n\t\t\t\t\t\r\n\t\t\t\t\t<h2>M\u00e1s de 20 a\u00f1os de experiencia en espacios de laboratorio y trabajo modernos<\/h2>\t\t\t\t\t\r\n\t\t\t\t\t<p>Fundada en la d\u00e9cada de 1990, Kadans se ha dedicado a proporcionar espacios de trabajo a medida. Nuestro viaje realmente comenz\u00f3 en 2009 con la adquisici\u00f3n del BioPartner Center Wageningen, una iniciativa establecida en 2000 para apoyar la mejora de la investigaci\u00f3n fundamental realizada en el Campus de la Universidad e Investigaci\u00f3n de Wageningen. Esta adquisici\u00f3n marc\u00f3 nuestro primer edificio multi-inquilino para start-ups, scale-ups y equipos de I+D corporativos.<\/p>\n<p>Desde entonces, Kadans ha crecido significativamente, curando una oferta mucho m\u00e1s amplia de soluciones inmobiliarias intensivas en conocimiento. En 2010, el nombre Kadans Science Partner se lanz\u00f3 oficialmente para encarnar nuestro enfoque evolucionado en fomentar la innovaci\u00f3n a trav\u00e9s de inversiones inmobiliarias en los Pa\u00edses Bajos. Hoy, Kadans opera como un l\u00edder internacional en bienes ra\u00edces enfocados en ciencia e innovaci\u00f3n, con presencia en el Reino Unido, Alemania, B\u00e9lgica, Francia y Espa\u00f1a. Atendemos con orgullo a m\u00e1s de 400 clientes dentro de m\u00e1s de 300 cl\u00fasteres cient\u00edficos en seis pa\u00edses.<\/p>\n<p>Respaldados por AXA IM \u2013 Real Assets desde 2020, nuestra red contin\u00faa creciendo a medida que desarrollamos m\u00e1s ubicaciones y apoyamos m\u00e1s cl\u00fasteres cient\u00edficos en toda Europa. Nuestro enfoque pionero en el mercado refleja el objetivo de Kadans de convertirse en el HUB europeo para todos los interesados en el sector de las ciencias de la vida en el futuro.<\/p>\n\t\t\t\t\t\r\n\t\t\t\t\t\t\t\t\t\t\r\n\t\t\t\t\t\t\t\t\t\t\t\r\n\t\t\t\t<\/div>\t\t\t\t\r\n\t\t\t<\/div>\r\n\r\n\t\t\t\t<div id=\"circle_container\">\t\t\t\t\t\r\n\t\t\t\t\t<div id=\"circle_wrap\">\t\t\t\t\t\t\r\n\t\t\t\t\t\t<div class=\"above\">\r\n\t\t\t\t\t\t\t\t\t\t\t\t\t\r\n\t\t\t\t\t\t\t<div class=\"circle\" id=\"circle_1\">\r\n\t\t\t\t\t\t\t\t<div class=\"inner_circle\">\r\n\t\t\t\t\t\t\t\t\t\t\t\t\t\t\t\t\t\t\t<div class=\"circle_title\">\r\n\t\t\t\t\t\t\t\t\t\t\t30+ Cl\u00fasteres\t\t\t\t\t\t\t\t\t\t<\/div>\r\n\t\t\t\t\t\t\t\t\t\t\t\t\t\t\t\t\t\t\t\t\t\t\t\t\t\t\t\t<div class=\"circle_text\">\r\n\t\t\t\t\t\t\t\t\t\t\tApoyando cl\u00fasteres cient\u00edficos en toda Europa\t\t\t\t\t\t\t\t\t\t<\/div>\r\n\t\t\t\t\t\t\t\t\t\t\t\t\t\t\t\t\t\r\n\t\t\t\t\t\t\t\t\r\n\t\t\t\t\t\t\t\t<\/div>\r\n\t\t\t\t\t\t\t<\/div>\t\t\t\t\t\t\r\n\t\t\t\t\t\t\t\t\t\t\t\t\t\t\r\n\t\t\t\t\t\t\t\t\t\t\t\t\t\r\n\t\t\t\t\t\t\t<div class=\"circle\" id=\"circle_3\">\r\n\t\t\t\t\t\t\t\t<div class=\"inner_circle\">\r\n\t\t\t\t\t\t\t\t\t\t\t\t\t\t\t\t\t\t\t<div class=\"circle_title\">\r\n\t\t\t\t\t\t\t\t\t\t\t400+ Clientes\t\t\t\t\t\t\t\t\t\t<\/div>\r\n\t\t\t\t\t\t\t\t\t\t\t\t\t\t\t\t\t\t\t\t\t\t\t\t\t\t\t\t<div class=\"circle_text\">\r\n\t\t\t\t\t\t\t\t\t\t\tConectando personas para trabajar hacia objetivos compartidos\t\t\t\t\t\t\t\t\t\t<\/div>\r\n\t\t\t\t\t\t\t\t\t\t\t\t\t\t\t\t\t\r\n\t\t\t\t\t\t\t\t\r\n\t\t\t\t\t\t\t\t<\/div>\r\n\t\t\t\t\t\t\t<\/div>\t\t\t\t\t\t\r\n\t\t\t\t\t\t\t\t\t\t\t\t\t\t\r\n\t\t\t\t\t\t<\/div>\r\n\t\t\t\t\t\t<div class=\"below\">\r\n\t\t\t\t\t\t\t\t\t\t\t\t\t\r\n\t\t\t\t\t\t\t<div class=\"circle\" id=\"circle_2\">\r\n\t\t\t\t\t\t\t\t<div class=\"inner_circle\">\r\n\t\t\t\t\t\t\t\t\t\t\t\t\t\t\t\t\t\t\t<div class=\"circle_title\">\r\n\t\t\t\t\t\t\t\t\t\t\t70+ Edificios\t\t\t\t\t\t\t\t\t\t<\/div>\r\n\t\t\t\t\t\t\t\t\t\t\t\t\t\t\t\t\t\t\t\t\t\t\t\t\t\t\t\t<div class=\"circle_text\">\r\n\t\t\t\t\t\t\t\t\t\t\tOfreciendo instalaciones de investigaci\u00f3n a medida y soluciones de oficinas flexibles\t\t\t\t\t\t\t\t\t\t<\/div>\r\n\t\t\t\t\t\t\t\t\t\t\t\t\t\t\t\t\t\r\n\t\t\t\t\t\t\t\t\r\n\t\t\t\t\t\t\t\t<\/div>\r\n\t\t\t\t\t\t\t<\/div>\t\t\t\t\t\t\r\n\t\t\t\t\t\t\t\t\t\t\t\t\t<\/div>\r\n\t\t\t\t\t<\/div>\r\n\t\t\t\t<\/div>\r\n\r\n\t\t\t\r\n\t\t\r\n\t\t<\/div>\r\n\t<\/div>\r\n<\/section>\r\n\r\n<script>\r\n\tjQuery(document).ready(function($){\r\n\t\t$('#circle_1').on('click', function(){\r\n\t\t\tif(!$(this).hasClass('active')){\r\n\t\t\t\t$('#circle_2, #circle_3').removeClass('active');\r\n\t\t\t\t$('#circle_wrap').addClass('active');\r\n\t\t\t\t\r\n\t\t\t\t$(this).addClass('active');\r\n\t\t\t\t\r\n\t\t\t}\r\n\t\t\telse \r\n\t\t\t{\r\n\t\t\t\t$(this).removeClass('active');\r\n\t\t\t\t$('#circle_wrap').removeClass('active');\r\n\t\t\t}\r\n\t\t});\r\n\t\t\r\n\t\t$('#circle_2').on('click', function(){\r\n\t\t\tif(!$(this).hasClass('active')){\r\n\t\t\t\t$('#circle_1, #circle_3').removeClass('active');\r\n\t\t\t\t$('#circle_wrap').addClass('active');\t\t\t\t\r\n\t\t\t\t$(this).addClass('active');\r\n\t\t\t}\r\n\t\t\telse \r\n\t\t\t{\r\n\t\t\t\t$(this).removeClass('active');\r\n\t\t\t\t$('#circle_wrap').removeClass('active');\r\n\t\t\t}\r\n\t\t});\r\n\r\n\t\t$('#circle_3').on('click', function(){\r\n\t\t\tif(!$(this).hasClass('active')){\r\n\t\t\t\t$('#circle_1, #circle_2').removeClass('active');\r\n\t\t\t\t$('#circle_wrap').addClass('active');\t\t\t\t\r\n\t\t\t\t$(this).addClass('active');\r\n\t\t\t}\r\n\t\t\telse \r\n\t\t\t{\r\n\t\t\t\t$(this).removeClass('active');\r\n\t\t\t\t$('#circle_wrap').removeClass('active');\r\n\t\t\t}\r\n\t\t});\r\n\t\t\r\n\t\t$(document).mouseup(function(e) {\r\n\t\t\tvar container = $('#circle_1, #circle_2, #circle_3');\r\n\r\n\t\t\t\/\/ if the target of the click isn't the container nor a descendant of the container\r\n\t\t\tif (!container.is(e.target) && container.has(e.target).length === 0) \r\n\t\t\t{\r\n\t\t\t\t$('#circle_1, #circle_2, #circle_3, #circle_wrap').removeClass('active');\r\n\t\t\t}\r\n\t\t});\r\n\t\t\r\n\t});\r\n<\/script>\n\n\r\n<section class=\"whitespace desktop_yes mobile_yes big bg_white\">\r\n<\/section>\n\n\r\n<section class=\"whitespace desktop_yes mobile_yes big bg_white\">\r\n<\/section>\n\n<section id=\"cta_banner_1\" class=\"text cta_banner_1 desktop_yes mobile_yes \">\r\n\t<div class=\"container\">\r\n\t\t<div class=\"row\">\r\n\t\t\t<div class=\"col-sm-12 col-md-1 col-lg-2 empty\">\r\n\t\t\t<\/div>\r\n\t\t\t<div class=\"col-sm-12 col-md-10 col-lg-8\">\r\n\r\n\t\t\t\t<div class=\"subheading\">\r\n\t\t\t\t<h1>\u00bfEst\u00e1s interesado en unirte a nosotros?<\/h1>\t\t\t\t<\/div>\r\n\t\t\t\t<h2>Los cl\u00fasteres cient\u00edficos ofrecen acceso a innumerables oportunidades.<\/h2>\t\t\t\t<p>Ponte en contacto con nosotros ahora, y con gusto te explicaremos tus posibilidades.<\/p>\n\t\t\t\t\r\n\t\t\t\t<div class=\"cta outline dark_blue\"><a href=\"https:\/\/kadanscom.onest-dev.nl\/es\/contact\/\">Cont\u00e1ctanos<\/a>\n<\/div>\t\t\t\t\r\n\t\t\t<\/div>\r\n\t\t\t<div class=\"col-sm-12 col-md-1 col-lg-2 empty\">\r\n\t\t\t\t<\/div>\r\n\t\t<\/div>\r\n\t<\/div>\r\n<\/section>\n\n\r\n<section class=\"whitespace desktop_yes mobile_yes big bg_white\">\r\n<\/section>\n\n\r\n<section id=\"full_width_image\" class=\"image_full desktop_yes mobile_yes \">\r\n\t\r\n\r\n<div class=\"col-sm-12 col-md-12 col-lg-12 parallax_banner\" \r\nstyle=\"background-image:url(https:\/\/kadanscom.onest-dev.nl\/wp-content\/uploads\/Rectangle-550_2.png);\">\r\n<\/div>\r\n\r\n<\/section>","protected":false},"excerpt":{"rendered":"","protected":false},"author":3,"featured_media":0,"parent":0,"menu_order":0,"comment_status":"closed","ping_status":"closed","template":"","meta":{"_acf_changed":false,"inline_featured_image":false,"footnotes":""},"class_list":["post-9234","page","type-page","status-publish","hentry"],"acf":[],"yoast_head":"<!-- This site is optimized with the Yoast SEO plugin v25.9 - https:\/\/yoast.com\/wordpress\/plugins\/seo\/ -->\n<title>Kadans: Bespoke Science Solutions<\/title>\n<meta name=\"description\" content=\"Kadans creates bespoke workspaces and links innovators in life sciences, agri-food, and high-tech.\" \/>\n<meta name=\"robots\" content=\"noindex, follow, max-snippet:-1, max-image-preview:large, max-video-preview:-1\" \/>\n<meta property=\"og:locale\" content=\"es_ES\" \/>\n<meta property=\"og:type\" content=\"article\" \/>\n<meta property=\"og:title\" content=\"Kadans: Bespoke Science Solutions\" \/>\n<meta property=\"og:description\" content=\"Kadans creates bespoke workspaces and links innovators in life sciences, agri-food, and high-tech.\" \/>\n<meta property=\"og:url\" content=\"https:\/\/kadanscom.onest-dev.nl\/es\/sobre-kadans\/\" \/>\n<meta property=\"og:site_name\" content=\"Kadans Science Partner\" \/>\n<meta property=\"article:modified_time\" content=\"2025-01-30T09:24:34+00:00\" \/>\n<meta name=\"twitter:card\" content=\"summary_large_image\" \/>\n<script type=\"application\/ld+json\" class=\"yoast-schema-graph\">{\"@context\":\"https:\/\/schema.org\",\"@graph\":[{\"@type\":\"WebPage\",\"@id\":\"https:\/\/kadanscom.onest-dev.nl\/es\/sobre-kadans\/\",\"url\":\"https:\/\/kadanscom.onest-dev.nl\/es\/sobre-kadans\/\",\"name\":\"Kadans: Bespoke Science Solutions\",\"isPartOf\":{\"@id\":\"https:\/\/kadanscom.onest-dev.nl\/es\/#website\"},\"datePublished\":\"2024-12-06T11:34:39+00:00\",\"dateModified\":\"2025-01-30T09:24:34+00:00\",\"description\":\"Kadans creates bespoke workspaces and links innovators in life sciences, agri-food, and high-tech.\",\"breadcrumb\":{\"@id\":\"https:\/\/kadanscom.onest-dev.nl\/es\/sobre-kadans\/#breadcrumb\"},\"inLanguage\":\"es\",\"potentialAction\":[{\"@type\":\"ReadAction\",\"target\":[\"https:\/\/kadanscom.onest-dev.nl\/es\/sobre-kadans\/\"]}]},{\"@type\":\"BreadcrumbList\",\"@id\":\"https:\/\/kadanscom.onest-dev.nl\/es\/sobre-kadans\/#breadcrumb\",\"itemListElement\":[{\"@type\":\"ListItem\",\"position\":1,\"name\":\"Home\",\"item\":\"https:\/\/kadanscom.onest-dev.nl\/es\/\"},{\"@type\":\"ListItem\",\"position\":2,\"name\":\"Sobre Kadans\"}]},{\"@type\":\"WebSite\",\"@id\":\"https:\/\/kadanscom.onest-dev.nl\/es\/#website\",\"url\":\"https:\/\/kadanscom.onest-dev.nl\/es\/\",\"name\":\"Kadans Science Partner\",\"description\":\"\",\"potentialAction\":[{\"@type\":\"SearchAction\",\"target\":{\"@type\":\"EntryPoint\",\"urlTemplate\":\"https:\/\/kadanscom.onest-dev.nl\/es\/?s={search_term_string}\"},\"query-input\":{\"@type\":\"PropertyValueSpecification\",\"valueRequired\":true,\"valueName\":\"search_term_string\"}}],\"inLanguage\":\"es\"}]}<\/script>\n<!-- \/ Yoast SEO plugin. -->","yoast_head_json":{"title":"Kadans: Bespoke Science Solutions","description":"Kadans creates bespoke workspaces and links innovators in life sciences, agri-food, and high-tech.","robots":{"index":"noindex","follow":"follow","max-snippet":"max-snippet:-1","max-image-preview":"max-image-preview:large","max-video-preview":"max-video-preview:-1"},"og_locale":"es_ES","og_type":"article","og_title":"Kadans: Bespoke Science Solutions","og_description":"Kadans creates bespoke workspaces and links innovators in life sciences, agri-food, and high-tech.","og_url":"https:\/\/kadanscom.onest-dev.nl\/es\/sobre-kadans\/","og_site_name":"Kadans Science Partner","article_modified_time":"2025-01-30T09:24:34+00:00","twitter_card":"summary_large_image","schema":{"@context":"https:\/\/schema.org","@graph":[{"@type":"WebPage","@id":"https:\/\/kadanscom.onest-dev.nl\/es\/sobre-kadans\/","url":"https:\/\/kadanscom.onest-dev.nl\/es\/sobre-kadans\/","name":"Kadans: Bespoke Science Solutions","isPartOf":{"@id":"https:\/\/kadanscom.onest-dev.nl\/es\/#website"},"datePublished":"2024-12-06T11:34:39+00:00","dateModified":"2025-01-30T09:24:34+00:00","description":"Kadans creates bespoke workspaces and links innovators in life sciences, agri-food, and high-tech.","breadcrumb":{"@id":"https:\/\/kadanscom.onest-dev.nl\/es\/sobre-kadans\/#breadcrumb"},"inLanguage":"es","potentialAction":[{"@type":"ReadAction","target":["https:\/\/kadanscom.onest-dev.nl\/es\/sobre-kadans\/"]}]},{"@type":"BreadcrumbList","@id":"https:\/\/kadanscom.onest-dev.nl\/es\/sobre-kadans\/#breadcrumb","itemListElement":[{"@type":"ListItem","position":1,"name":"Home","item":"https:\/\/kadanscom.onest-dev.nl\/es\/"},{"@type":"ListItem","position":2,"name":"Sobre Kadans"}]},{"@type":"WebSite","@id":"https:\/\/kadanscom.onest-dev.nl\/es\/#website","url":"https:\/\/kadanscom.onest-dev.nl\/es\/","name":"Kadans Science Partner","description":"","potentialAction":[{"@type":"SearchAction","target":{"@type":"EntryPoint","urlTemplate":"https:\/\/kadanscom.onest-dev.nl\/es\/?s={search_term_string}"},"query-input":{"@type":"PropertyValueSpecification","valueRequired":true,"valueName":"search_term_string"}}],"inLanguage":"es"}]}},"_links":{"self":[{"href":"https:\/\/kadanscom.onest-dev.nl\/es\/wp-json\/wp\/v2\/pages\/9234","targetHints":{"allow":["GET"]}}],"collection":[{"href":"https:\/\/kadanscom.onest-dev.nl\/es\/wp-json\/wp\/v2\/pages"}],"about":[{"href":"https:\/\/kadanscom.onest-dev.nl\/es\/wp-json\/wp\/v2\/types\/page"}],"author":[{"embeddable":true,"href":"https:\/\/kadanscom.onest-dev.nl\/es\/wp-json\/wp\/v2\/users\/3"}],"replies":[{"embeddable":true,"href":"https:\/\/kadanscom.onest-dev.nl\/es\/wp-json\/wp\/v2\/comments?post=9234"}],"version-history":[{"count":0,"href":"https:\/\/kadanscom.onest-dev.nl\/es\/wp-json\/wp\/v2\/pages\/9234\/revisions"}],"wp:attachment":[{"href":"https:\/\/kadanscom.onest-dev.nl\/es\/wp-json\/wp\/v2\/media?parent=9234"}],"curies":[{"name":"wp","href":"https:\/\/api.w.org\/{rel}","templated":true}]}}