{"id":9225,"date":"2024-12-06T11:41:57","date_gmt":"2024-12-06T11:41:57","guid":{"rendered":"https:\/\/kadans.onest-dev.nl\/corporate-responsibility\/"},"modified":"2025-01-30T09:24:41","modified_gmt":"2025-01-30T09:24:41","slug":"corporate-responsibility","status":"publish","type":"page","link":"https:\/\/kadanscom.onest-dev.nl\/es\/sobre-kadans\/corporate-responsibility\/","title":{"rendered":"Responsabilidad Corporativa"},"content":{"rendered":"<section id=\"hero_1\" class=\"desktop_yes mobile_yes size_small \">\t\r\n\t\r\n\t<div class=\"background_wrap\">\r\n\r\n\t\t\t<img loading=\"lazy\" decoding=\"async\" class=\"object_fit\" \t\t\t\t\t\t\t  \r\n\t\t\t  srcset=\"https:\/\/kadanscom.onest-dev.nl\/wp-content\/uploads\/Rectangle-550_2-650x361.png 650w, https:\/\/kadanscom.onest-dev.nl\/wp-content\/uploads\/Rectangle-550_2-1200x667.png 1024w, https:\/\/kadanscom.onest-dev.nl\/wp-content\/uploads\/Rectangle-550_2-1600x889.png 1800w\" \t\t\t\t\t\t\t\t\t  \r\n\t\t\t  sizes=\"auto, (max-width: 700px) 650px, (max-width: 1200px) 1024px, 1800px\"  \t  \r\n\t\t\t  src=\"https:\/\/kadanscom.onest-dev.nl\/wp-content\/uploads\/Rectangle-550_2-1600x889.png\" \r\n\t\t\t  width=\"1024\"\r\n\t\t\t  height=\"569\"\t\t\t\t\t\t\t  \r\n\t\t\t  alt=\"Moleculen image for Science\" \r\n\t\t\t\/>\r\n\t\t\r\n\t\t\r\n\t<\/div>\r\n\t\r\n\t\r\n\t<div class=\"container\">\r\n\t\t<div class=\"row\">\r\n\t\t\t<div class=\"col-sm-12 col-md-12 col-lg-8 left_column\">\t\t\t\r\n\t\t\t\t<div class=\"outer\">\r\n\t\t\t\t\t<div class=\"inner\">\r\n\t\t\t\t\t\t\r\n\t\t\t\t\t\t<h1 class=\"subtitle\">Responsabilidad Corporativa<\/h1>\t\t\t\t\t\t\r\n\t\t\t\t\t\t<h2>Luchando contra los desaf\u00edos globales<\/h2>\t\t\t\t\t\t\r\n\t\t\t\t\t\t\r\n\t\t\t\t\t\t<hr \/>\n<p>En Kadans, la responsabilidad corporativa impulsa nuestra misi\u00f3n de crear entornos sostenibles, innovadores e inclusivos. A trav\u00e9s de acciones impactantes, abordamos desaf\u00edos globales, promovemos la sostenibilidad y nos comprometemos con comunidades de todo el mundo.<\/p>\n\t\t\t\t\t\t\r\n\t\t\t\t\t\t\t\t\t\t\t<\/div>\r\n\t\t\t\t<\/div>\t\t\t\t\t\t\r\n\t\t\t<\/div>\r\n\t\t<\/div>\r\n\t<\/div>\r\n\t\r\n\t\r\n<\/section>\r\n\r\n<script>\r\n\tjQuery(document).ready(function($){ \r\n\t\t\r\n\t\t$('body').addClass('has_hero');\r\n\t\t\r\n\t\t$(window).scroll(function(){\r\n\r\n\t\t\tvar curHeight = $('#hero_1').outerHeight();\r\n\t\t\t\r\n\t\t\tif ($(window).scrollTop() > curHeight) {\r\n\t\t\t\t$('#hero_1 .background_wrap').fadeOut(100);\r\n\t\t\t}\t\t\r\n\t\t\telse \r\n\t\t\t{\r\n\t\t\t\t$('#hero_1 .background_wrap').fadeIn(100);\r\n\t\t\t}\r\n\t\t});\r\n\t\t\r\n\t\tif($('#hero_1').nextAll('section:first').hasClass('cta_banner_3')){\r\n\t\t\tvar target = $('#hero_1').nextAll('section:first');\r\n\t\t\t\t$(target).addClass('minus_40');\r\n\t\t}\r\n\t\t\r\n\t});\r\n<\/script>\n\n\r\n<section class=\"whitespace desktop_yes mobile_yes big bg_white\">\r\n<\/section>\n\n\t\r\n\r\n<section class=\"text_foto desktop_yes mobile_yes elm_primary_400 \">\r\n\t<div class=\"container\">\r\n\t\t<div class=\"row\">\t\t\r\n\t\t\t\t\r\n\t\t\r\n\t<div class=\"col-sm-12 col-md-1 col-lg-1 vert_line\">\r\n\t<\/div>\r\n\t\r\n\t<div class=\"col-sm-12 col-md-5 col-lg-5 text_col\">\r\n\t\t<div class=\"inner\">\r\n\t\t\t<h2>Sostenibilidad<\/h2>\t\t\t\r\n\t\t\t<p>Kadans Science Partner est\u00e1 comprometido con la sostenibilidad y reconoce la importancia de promover un futuro sostenible para nuestro planeta. Como empresa especializada en invertir, desarrollar y operar activos especializados, nuestro objetivo es crear entornos que fomenten la innovaci\u00f3n, manteniendo la sostenibilidad como una prioridad principal.<\/p>\n<p>Creemos que incorporar pr\u00e1cticas sostenibles en el dise\u00f1o, la construcci\u00f3n y la operaci\u00f3n de nuestros edificios puede tener un impacto significativo en nuestro entorno. Por lo tanto, en Kadans, nos enfocamos en desarrollar edificios sostenibles que sean eficientes en el uso de energ\u00eda, promuevan el uso de fuentes de energ\u00eda renovable y reduzcan los desechos y las emisiones.<\/p>\n<p>Un ejemplo de nuestras pr\u00e1cticas sostenibles es nuestro enfoque en la eficiencia energ\u00e9tica. Nos esforzamos por reducir el consumo de energ\u00eda en nuestros edificios mediante el uso de tecnolog\u00edas de vanguardia como la iluminaci\u00f3n LED, el aislamiento eficiente y los sistemas de automatizaci\u00f3n de edificios que regulan el uso de energ\u00eda. Otro ejemplo es el uso de fuentes de energ\u00eda renovable para alimentar nuestros edificios.<\/p>\n<p>En conclusi\u00f3n, Kadans Science Partner est\u00e1 dedicado a la sostenibilidad y nos esforzamos continuamente por crear los edificios y comunidades m\u00e1s sostenibles posibles. Al promover pr\u00e1cticas sostenibles, no solo contribuimos a un planeta m\u00e1s saludable, sino que tambi\u00e9n ofrecemos a nuestros clientes opciones atractivas y responsables para sus operaciones comerciales.<\/p>\n\t\t\t\r\n\t\t\t\t\t\t\r\n\t\t\t\t\t\t\t\t\t\r\n\t\t<\/div>\r\n\t<\/div>\r\n\r\n\t<div class=\"col-sm-12 col-md-1 col-lg-1 middle_col\">\r\n\t<\/div>\r\n\r\n\t<div class=\"col-sm-12 col-md-5 col-lg-5 photo photo_col right\">\r\n\t\t<div class=\"inner\">\r\n\t\t\t<img loading=\"lazy\" decoding=\"async\" class=\"object_fit\" \t\t\t\t\t\t\t  \r\n\t\t\t\t  srcset=\"https:\/\/kadanscom.onest-dev.nl\/wp-content\/uploads\/Accelerator-Utrecht-Atrium-650x433.jpg 650w, https:\/\/kadanscom.onest-dev.nl\/wp-content\/uploads\/Accelerator-Utrecht-Atrium-1200x800.jpg 1024w, https:\/\/kadanscom.onest-dev.nl\/wp-content\/uploads\/Accelerator-Utrecht-Atrium-1600x1067.jpg 1800w\" \t\t\t\t\t\t\t\t\t  \r\n\t\t\t\t  sizes=\"auto, (max-width: 700px) 650px, (max-width: 1200px) 1024px, 1800px\"  \t  \r\n\t\t\t\t  src=\"https:\/\/kadanscom.onest-dev.nl\/wp-content\/uploads\/Accelerator-Utrecht-Atrium-1600x1067.jpg\" \r\n\t\t\t\t  width=\"1024\"\r\n\t\t\t\t  height=\"683\"\t\t\t\t\t\t\t  \r\n\t\t\t\t  alt=\"\" \r\n\t\t\t\t\/>\r\n\t\t<\/div>\t\r\n\t<\/div>\r\n\t\t<\/div>\r\n\t<\/div>\r\n<\/section>\n\n\r\n<section class=\"whitespace desktop_yes mobile_yes big bg_white\">\r\n<\/section>\n\n\t\r\n\r\n<section class=\"text_foto desktop_yes mobile_yes elm_primary_400 \">\r\n\t<div class=\"container\">\r\n\t\t<div class=\"row sm_reverse_order\">\t\t\r\n\t\t\t\t<div class=\"col-sm-12 col-md-5 col-lg-5 photo photo_col left\">\r\n\t\t<div class=\"inner\">\r\n\t\t\t<img loading=\"lazy\" decoding=\"async\" class=\"object_fit\" \t\t\t\t\t\t\t  \r\n\t\t\t\t  srcset=\"https:\/\/kadanscom.onest-dev.nl\/wp-content\/uploads\/Speech-CIO-650x433.jpg 650w, https:\/\/kadanscom.onest-dev.nl\/wp-content\/uploads\/Speech-CIO-1200x800.jpg 1024w, https:\/\/kadanscom.onest-dev.nl\/wp-content\/uploads\/Speech-CIO-1600x1067.jpg 1800w\" \t\t\t\t\t\t\t\t\t  \r\n\t\t\t\t  sizes=\"auto, (max-width: 700px) 650px, (max-width: 1200px) 1024px, 1800px\"  \t  \r\n\t\t\t\t  src=\"https:\/\/kadanscom.onest-dev.nl\/wp-content\/uploads\/Speech-CIO-1600x1067.jpg\" \r\n\t\t\t\t  width=\"1024\"\r\n\t\t\t\t  height=\"683\"\t\t\t\t\t\t\t  \r\n\t\t\t\t  alt=\"\" \r\n\t\t\t\t\/>\r\n\t\t<\/div>\t\r\n\t<\/div>\r\n\t\r\n\t\t\r\n\t<div class=\"col-sm-12 col-md-1 col-lg-1 middle_col\">\r\n\t<\/div>\r\n\t\r\n\t<div class=\"col-sm-12 col-md-5 col-lg-5 text_col\">\r\n\t\t<div class=\"inner\">\r\n\t\t\t<h2>Luchando contra los desaf\u00edos globales<\/h2>\t\t\t\r\n\t\t\t<p>En toda Europa, hemos construido una red de clientes, organizaciones asociadas y mentes innovadoras, activas en Ciencias de la Vida y Salud, Alimentaci\u00f3n, Energ\u00eda y Econom\u00eda Digital. Todos decididos a encontrar soluciones a los desaf\u00edos globales que enfrentamos hoy. Todos decididos a marcar la diferencia.<\/p>\n<p>Creemos que la clave para encontrar soluciones a los desaf\u00edos globales es reunir a personas con objetivos y ambiciones compartidos. Sentimos que es nuestra obligaci\u00f3n contribuir a la concienciaci\u00f3n sobre los problemas que enfrentamos hoy. As\u00ed, al apoyar a nuestros clientes, no solo llamamos la atenci\u00f3n, sino que tambi\u00e9n contribuimos activamente reuniendo a personas para encontrar soluciones a los desaf\u00edos globales que enfrentamos hoy.<\/p>\n\t\t\t\r\n\t\t\t\t\t\t\r\n\t\t\t\t\t\t\t\t\t\r\n\t\t<\/div>\r\n\t<\/div>\r\n\r\n\t<div class=\"col-sm-12 col-md-1 col-lg-1 vert_line\">\r\n\t<\/div>\r\n\r\n\t\t<\/div>\r\n\t<\/div>\r\n<\/section>\n\n\r\n<section class=\"whitespace desktop_yes mobile_yes big bg_white\">\r\n<\/section>\n\n\t\r\n\r\n<section class=\"text_foto desktop_yes mobile_yes elm_primary_400 \">\r\n\t<div class=\"container\">\r\n\t\t<div class=\"row\">\t\t\r\n\t\t\t\t\r\n\t\t\r\n\t<div class=\"col-sm-12 col-md-1 col-lg-1 vert_line\">\r\n\t<\/div>\r\n\t\r\n\t<div class=\"col-sm-12 col-md-5 col-lg-5 text_col\">\r\n\t\t<div class=\"inner\">\r\n\t\t\t<h2>Compromiso global<\/h2>\t\t\t\r\n\t\t\t<p>En Kadans Science Partner, entendemos la importancia de la responsabilidad corporativa y su impacto en las comunidades a las que servimos. Reconocemos nuestra responsabilidad de asegurar que nuestras operaciones tengan un impacto positivo duradero en la sociedad, el medio ambiente y la econom\u00eda.<\/p>\n<p>Tambi\u00e9n nos enorgullece nuestra participaci\u00f3n en iniciativas sociales y la construcci\u00f3n de comunidades. Creemos en retribuir a la comunidad en la que operamos y nos esforzamos por crear un entorno que apoye el bienestar de nuestros clientes y de quienes nos rodean. Colaboramos con organizaciones locales para desarrollar programas y actividades que contribuyan al desarrollo social, cultural y econ\u00f3mico de la comunidad. Tambi\u00e9n apoyamos iniciativas locales de energ\u00eda renovable, esforz\u00e1ndonos por reducir nuestra huella de carbono y fomentar la transici\u00f3n hacia la energ\u00eda verde.<\/p>\n<p>Como organizaci\u00f3n, nos comprometemos a pr\u00e1cticas comerciales \u00e9ticas y nos adherimos a estrictas normas y regulaciones de la industria. Priorizamos la transparencia, la responsabilidad y la equidad en todas nuestras operaciones y siempre nos esforzamos por mejorar nuestras pr\u00e1cticas y pol\u00edticas.<\/p>\n\t\t\t\r\n\t\t\t\t\t\t\r\n\t\t\t\t\t\t\t\t\t\r\n\t\t<\/div>\r\n\t<\/div>\r\n\r\n\t<div class=\"col-sm-12 col-md-1 col-lg-1 middle_col\">\r\n\t<\/div>\r\n\r\n\t<div class=\"col-sm-12 col-md-5 col-lg-5 photo photo_col right\">\r\n\t\t<div class=\"inner\">\r\n\t\t\t<img loading=\"lazy\" decoding=\"async\" class=\"object_fit\" \t\t\t\t\t\t\t  \r\n\t\t\t\t  srcset=\"https:\/\/kadanscom.onest-dev.nl\/wp-content\/uploads\/Taking-Their-Business-Global-650x433.jpg 650w, https:\/\/kadanscom.onest-dev.nl\/wp-content\/uploads\/Taking-Their-Business-Global-1200x800.jpg 1024w, https:\/\/kadanscom.onest-dev.nl\/wp-content\/uploads\/Taking-Their-Business-Global-1600x1066.jpg 1800w\" \t\t\t\t\t\t\t\t\t  \r\n\t\t\t\t  sizes=\"auto, (max-width: 700px) 650px, (max-width: 1200px) 1024px, 1800px\"  \t  \r\n\t\t\t\t  src=\"https:\/\/kadanscom.onest-dev.nl\/wp-content\/uploads\/Taking-Their-Business-Global-1600x1066.jpg\" \r\n\t\t\t\t  width=\"1024\"\r\n\t\t\t\t  height=\"682\"\t\t\t\t\t\t\t  \r\n\t\t\t\t  alt=\"Taking Their Business Global\" \r\n\t\t\t\t\/>\r\n\t\t<\/div>\t\r\n\t<\/div>\r\n\t\t<\/div>\r\n\t<\/div>\r\n<\/section>\n\n\r\n<section class=\"whitespace desktop_yes mobile_yes big bg_white\">\r\n<\/section>\n\n<section id=\"cta_banner_1\" class=\"text cta_banner_1 desktop_yes mobile_yes \">\r\n\t<div class=\"container\">\r\n\t\t<div class=\"row\">\r\n\t\t\t<div class=\"col-sm-12 col-md-1 col-lg-2 empty\">\r\n\t\t\t<\/div>\r\n\t\t\t<div class=\"col-sm-12 col-md-10 col-lg-8\">\r\n\r\n\t\t\t\t<div class=\"subheading\">\r\n\t\t\t\t\t\t\t\t<\/div>\r\n\t\t\t\t<h2>Los cl\u00fasteres cient\u00edficos en toda Europa ofrecen acceso a investigaciones de vanguardia, capital y oportunidades de colaboraci\u00f3n.<\/h2>\t\t\t\t\t\t\t\t\r\n\t\t\t\t<div class=\"cta outline dark_blue\"><a href=\"mailto:sales@kadans.com\">\u00bfEst\u00e1 interesado en unirse a nosotros?<\/a>\n<\/div>\t\t\t\t\r\n\t\t\t<\/div>\r\n\t\t\t<div class=\"col-sm-12 col-md-1 col-lg-2 empty\">\r\n\t\t\t\t<\/div>\r\n\t\t<\/div>\r\n\t<\/div>\r\n<\/section>\n\n\r\n<section class=\"whitespace desktop_yes mobile_yes small bg_white\">\r\n<\/section>\n\n\r\n<section id=\"full_width_image\" class=\"image_full desktop_yes mobile_yes \">\r\n\t\r\n\r\n<div class=\"col-sm-12 col-md-12 col-lg-12 parallax_banner\" \r\nstyle=\"background-image:url(https:\/\/kadanscom.onest-dev.nl\/wp-content\/uploads\/Rectangle-550_2.png);\">\r\n<\/div>\r\n\r\n<\/section>","protected":false},"excerpt":{"rendered":"","protected":false},"author":3,"featured_media":0,"parent":9234,"menu_order":0,"comment_status":"closed","ping_status":"closed","template":"","meta":{"_acf_changed":false,"inline_featured_image":false,"footnotes":""},"class_list":["post-9225","page","type-page","status-publish","hentry"],"acf":[],"yoast_head":"<!-- This site is optimized with the Yoast SEO plugin v25.9 - https:\/\/yoast.com\/wordpress\/plugins\/seo\/ -->\n<title>Corporate Sustainability at Kadans<\/title>\n<meta name=\"description\" content=\"Discover Kadans\u2019 commitment to sustainability, innovation, and community involvement for a better future.\" \/>\n<meta name=\"robots\" content=\"noindex, follow, max-snippet:-1, max-image-preview:large, max-video-preview:-1\" \/>\n<meta property=\"og:locale\" content=\"es_ES\" \/>\n<meta property=\"og:type\" content=\"article\" \/>\n<meta property=\"og:title\" content=\"Corporate Sustainability at Kadans\" \/>\n<meta property=\"og:description\" content=\"Discover Kadans\u2019 commitment to sustainability, innovation, and community involvement for a better future.\" \/>\n<meta property=\"og:url\" content=\"https:\/\/kadanscom.onest-dev.nl\/es\/sobre-kadans\/corporate-responsibility\/\" \/>\n<meta property=\"og:site_name\" content=\"Kadans Science Partner\" \/>\n<meta property=\"article:modified_time\" content=\"2025-01-30T09:24:41+00:00\" \/>\n<meta name=\"twitter:card\" content=\"summary_large_image\" \/>\n<script type=\"application\/ld+json\" class=\"yoast-schema-graph\">{\"@context\":\"https:\/\/schema.org\",\"@graph\":[{\"@type\":\"WebPage\",\"@id\":\"https:\/\/kadanscom.onest-dev.nl\/es\/sobre-kadans\/corporate-responsibility\/\",\"url\":\"https:\/\/kadanscom.onest-dev.nl\/es\/sobre-kadans\/corporate-responsibility\/\",\"name\":\"Corporate Sustainability at Kadans\",\"isPartOf\":{\"@id\":\"https:\/\/kadanscom.onest-dev.nl\/es\/#website\"},\"datePublished\":\"2024-12-06T11:41:57+00:00\",\"dateModified\":\"2025-01-30T09:24:41+00:00\",\"description\":\"Discover Kadans\u2019 commitment to sustainability, innovation, and community involvement for a better future.\",\"breadcrumb\":{\"@id\":\"https:\/\/kadanscom.onest-dev.nl\/es\/sobre-kadans\/corporate-responsibility\/#breadcrumb\"},\"inLanguage\":\"es\",\"potentialAction\":[{\"@type\":\"ReadAction\",\"target\":[\"https:\/\/kadanscom.onest-dev.nl\/es\/sobre-kadans\/corporate-responsibility\/\"]}]},{\"@type\":\"BreadcrumbList\",\"@id\":\"https:\/\/kadanscom.onest-dev.nl\/es\/sobre-kadans\/corporate-responsibility\/#breadcrumb\",\"itemListElement\":[{\"@type\":\"ListItem\",\"position\":1,\"name\":\"Home\",\"item\":\"https:\/\/kadanscom.onest-dev.nl\/es\/\"},{\"@type\":\"ListItem\",\"position\":2,\"name\":\"Sobre Kadans\",\"item\":\"https:\/\/kadanscom.onest-dev.nl\/es\/sobre-kadans\/\"},{\"@type\":\"ListItem\",\"position\":3,\"name\":\"Responsabilidad Corporativa\"}]},{\"@type\":\"WebSite\",\"@id\":\"https:\/\/kadanscom.onest-dev.nl\/es\/#website\",\"url\":\"https:\/\/kadanscom.onest-dev.nl\/es\/\",\"name\":\"Kadans Science Partner\",\"description\":\"\",\"potentialAction\":[{\"@type\":\"SearchAction\",\"target\":{\"@type\":\"EntryPoint\",\"urlTemplate\":\"https:\/\/kadanscom.onest-dev.nl\/es\/?s={search_term_string}\"},\"query-input\":{\"@type\":\"PropertyValueSpecification\",\"valueRequired\":true,\"valueName\":\"search_term_string\"}}],\"inLanguage\":\"es\"}]}<\/script>\n<!-- \/ Yoast SEO plugin. -->","yoast_head_json":{"title":"Corporate Sustainability at Kadans","description":"Discover Kadans\u2019 commitment to sustainability, innovation, and community involvement for a better future.","robots":{"index":"noindex","follow":"follow","max-snippet":"max-snippet:-1","max-image-preview":"max-image-preview:large","max-video-preview":"max-video-preview:-1"},"og_locale":"es_ES","og_type":"article","og_title":"Corporate Sustainability at Kadans","og_description":"Discover Kadans\u2019 commitment to sustainability, innovation, and community involvement for a better future.","og_url":"https:\/\/kadanscom.onest-dev.nl\/es\/sobre-kadans\/corporate-responsibility\/","og_site_name":"Kadans Science Partner","article_modified_time":"2025-01-30T09:24:41+00:00","twitter_card":"summary_large_image","schema":{"@context":"https:\/\/schema.org","@graph":[{"@type":"WebPage","@id":"https:\/\/kadanscom.onest-dev.nl\/es\/sobre-kadans\/corporate-responsibility\/","url":"https:\/\/kadanscom.onest-dev.nl\/es\/sobre-kadans\/corporate-responsibility\/","name":"Corporate Sustainability at Kadans","isPartOf":{"@id":"https:\/\/kadanscom.onest-dev.nl\/es\/#website"},"datePublished":"2024-12-06T11:41:57+00:00","dateModified":"2025-01-30T09:24:41+00:00","description":"Discover Kadans\u2019 commitment to sustainability, innovation, and community involvement for a better future.","breadcrumb":{"@id":"https:\/\/kadanscom.onest-dev.nl\/es\/sobre-kadans\/corporate-responsibility\/#breadcrumb"},"inLanguage":"es","potentialAction":[{"@type":"ReadAction","target":["https:\/\/kadanscom.onest-dev.nl\/es\/sobre-kadans\/corporate-responsibility\/"]}]},{"@type":"BreadcrumbList","@id":"https:\/\/kadanscom.onest-dev.nl\/es\/sobre-kadans\/corporate-responsibility\/#breadcrumb","itemListElement":[{"@type":"ListItem","position":1,"name":"Home","item":"https:\/\/kadanscom.onest-dev.nl\/es\/"},{"@type":"ListItem","position":2,"name":"Sobre Kadans","item":"https:\/\/kadanscom.onest-dev.nl\/es\/sobre-kadans\/"},{"@type":"ListItem","position":3,"name":"Responsabilidad Corporativa"}]},{"@type":"WebSite","@id":"https:\/\/kadanscom.onest-dev.nl\/es\/#website","url":"https:\/\/kadanscom.onest-dev.nl\/es\/","name":"Kadans Science Partner","description":"","potentialAction":[{"@type":"SearchAction","target":{"@type":"EntryPoint","urlTemplate":"https:\/\/kadanscom.onest-dev.nl\/es\/?s={search_term_string}"},"query-input":{"@type":"PropertyValueSpecification","valueRequired":true,"valueName":"search_term_string"}}],"inLanguage":"es"}]}},"_links":{"self":[{"href":"https:\/\/kadanscom.onest-dev.nl\/es\/wp-json\/wp\/v2\/pages\/9225","targetHints":{"allow":["GET"]}}],"collection":[{"href":"https:\/\/kadanscom.onest-dev.nl\/es\/wp-json\/wp\/v2\/pages"}],"about":[{"href":"https:\/\/kadanscom.onest-dev.nl\/es\/wp-json\/wp\/v2\/types\/page"}],"author":[{"embeddable":true,"href":"https:\/\/kadanscom.onest-dev.nl\/es\/wp-json\/wp\/v2\/users\/3"}],"replies":[{"embeddable":true,"href":"https:\/\/kadanscom.onest-dev.nl\/es\/wp-json\/wp\/v2\/comments?post=9225"}],"version-history":[{"count":0,"href":"https:\/\/kadanscom.onest-dev.nl\/es\/wp-json\/wp\/v2\/pages\/9225\/revisions"}],"up":[{"embeddable":true,"href":"https:\/\/kadanscom.onest-dev.nl\/es\/wp-json\/wp\/v2\/pages\/9234"}],"wp:attachment":[{"href":"https:\/\/kadanscom.onest-dev.nl\/es\/wp-json\/wp\/v2\/media?parent=9225"}],"curies":[{"name":"wp","href":"https:\/\/api.w.org\/{rel}","templated":true}]}}