{"id":10948,"date":"2025-01-21T10:48:48","date_gmt":"2025-01-21T10:48:48","guid":{"rendered":"https:\/\/kadans.onest-dev.nl\/?page_id=10948"},"modified":"2025-01-29T09:24:22","modified_gmt":"2025-01-29T09:24:22","slug":"cleanroom","status":"publish","type":"page","link":"https:\/\/kadanscom.onest-dev.nl\/es\/instalaciones-especializadas\/cleanroom\/","title":{"rendered":"Sala limpia"},"content":{"rendered":"<section id=\"hero_1\" class=\"desktop_yes mobile_yes size_small \">\t\r\n\t\r\n\t<div class=\"background_wrap\">\r\n\r\n\t\t\t<img loading=\"lazy\" decoding=\"async\" class=\"object_fit\" \t\t\t\t\t\t\t  \r\n\t\t\t  srcset=\"https:\/\/kadanscom.onest-dev.nl\/wp-content\/uploads\/Rectangle-550_2-650x361.png 650w, https:\/\/kadanscom.onest-dev.nl\/wp-content\/uploads\/Rectangle-550_2-1200x667.png 1024w, https:\/\/kadanscom.onest-dev.nl\/wp-content\/uploads\/Rectangle-550_2-1600x889.png 1800w\" \t\t\t\t\t\t\t\t\t  \r\n\t\t\t  sizes=\"auto, (max-width: 700px) 650px, (max-width: 1200px) 1024px, 1800px\"  \t  \r\n\t\t\t  src=\"https:\/\/kadanscom.onest-dev.nl\/wp-content\/uploads\/Rectangle-550_2-1600x889.png\" \r\n\t\t\t  width=\"1024\"\r\n\t\t\t  height=\"569\"\t\t\t\t\t\t\t  \r\n\t\t\t  alt=\"Moleculen image for Science\" \r\n\t\t\t\/>\r\n\t\t\r\n\t\t\r\n\t<\/div>\r\n\t\r\n\t\r\n\t<div class=\"container\">\r\n\t\t<div class=\"row\">\r\n\t\t\t<div class=\"col-sm-12 col-md-12 col-lg-8 left_column\">\t\t\t\r\n\t\t\t\t<div class=\"outer\">\r\n\t\t\t\t\t<div class=\"inner\">\r\n\t\t\t\t\t\t\r\n\t\t\t\t\t\t<h1 class=\"subtitle\">Instalaciones de Salas Limpias, a medida<\/h1>\t\t\t\t\t\t\r\n\t\t\t\t\t\t<h2>Descubre tu espacio de investigaci\u00f3n especializado<\/h2>\t\t\t\t\t\t\r\n\t\t\t\t\t\t\r\n\t\t\t\t\t\t\t\t\t\t\t\t\r\n\t\t\t\t\t\t\t\t\t\t\t<\/div>\r\n\t\t\t\t<\/div>\t\t\t\t\t\t\r\n\t\t\t<\/div>\r\n\t\t<\/div>\r\n\t<\/div>\r\n\t\r\n\t\r\n<\/section>\r\n\r\n<script>\r\n\tjQuery(document).ready(function($){ \r\n\t\t\r\n\t\t$('body').addClass('has_hero');\r\n\t\t\r\n\t\t$(window).scroll(function(){\r\n\r\n\t\t\tvar curHeight = $('#hero_1').outerHeight();\r\n\t\t\t\r\n\t\t\tif ($(window).scrollTop() > curHeight) {\r\n\t\t\t\t$('#hero_1 .background_wrap').fadeOut(100);\r\n\t\t\t}\t\t\r\n\t\t\telse \r\n\t\t\t{\r\n\t\t\t\t$('#hero_1 .background_wrap').fadeIn(100);\r\n\t\t\t}\r\n\t\t});\r\n\t\t\r\n\t\tif($('#hero_1').nextAll('section:first').hasClass('cta_banner_3')){\r\n\t\t\tvar target = $('#hero_1').nextAll('section:first');\r\n\t\t\t\t$(target).addClass('minus_40');\r\n\t\t}\r\n\t\t\r\n\t});\r\n<\/script>\n\n\r\n<section class=\"whitespace desktop_yes mobile_yes big bg_white\">\r\n<\/section>\n\n\t\r\n<section class=\"text_2 desktop_yes mobile_yes elm_primary_400 \">\r\n\t<div class=\"container\">\r\n\t\t<div class=\"row\">\r\n\t\t\t<div class=\"col-sm-12 col-md-12 col-lg-6\">\r\n\t\t\t\t<h2>Espacios de trabajo adaptados a tus necesidades<\/h2>\t\t\t\r\n\t\t\t<\/div>\r\n\t\t\t<div class=\"col-sm-12 col-md-12 col-lg-1 vert_line\">\r\n\t\t\t<\/div>\r\n\t\t<\/div>\r\n\t\t\r\n\t\t\r\n\t\t<div class=\"row\">\r\n\t\t\t<div class=\"col-sm-12 col-md-12 col-lg-6 left_column\">\r\n\t\t\t\t\t\t\t\t\t<div class=\"image_outer desktop\">\r\n\t\t\t\t\t\t<div class=\"image_wrap\">\t\r\n\t\t\t\t\t\t\t<img loading=\"lazy\" decoding=\"async\" class=\"object_fit\" \t\t\t\t\t\t\t  \r\n\t\t\t\t\t\t\t  srcset=\"https:\/\/kadanscom.onest-dev.nl\/wp-content\/uploads\/Cleanroom-Sencio-650x434.jpg 650w, https:\/\/kadanscom.onest-dev.nl\/wp-content\/uploads\/Cleanroom-Sencio-1200x801.jpg 1024w, https:\/\/kadanscom.onest-dev.nl\/wp-content\/uploads\/Cleanroom-Sencio-1600x1068.jpg 1800w\" \t\t\t\t\t\t\t\t\t  \r\n\t\t\t\t\t\t\t  sizes=\"auto, (max-width: 700px) 650px, (max-width: 1200px) 1024px, 1800px\"  \t  \r\n\t\t\t\t\t\t\t  src=\"https:\/\/kadanscom.onest-dev.nl\/wp-content\/uploads\/Cleanroom-Sencio-1600x1068.jpg\" \r\n\t\t\t\t\t\t\t  width=\"1024\"\r\n\t\t\t\t\t\t\t  height=\"684\"\t\t\t\t\t\t\t  \r\n\t\t\t\t\t\t\t  alt=\"Cleanroom Sencio\" \r\n\t\t\t\t\t\t\t\/>\r\n\t\t\t\t\t\t<\/div>\r\n\t\t\t\t\t<\/div>\t\t\t\t\t\r\n\t\t\t\t\t\t\t\r\n\t\t\t<\/div>\r\n\t\t\t<div class=\"col-sm-12 col-md-12 col-lg-1 vert_line\">\r\n\t\t\t<\/div>\t\t\t\r\n\t\t\t<div class=\"col-sm-12 col-md-12 col-lg-5 right_column\">\r\n\t\t\t\t<h3>Descubre las salas limpias adaptadas a tus necesidades<\/h3>\r\n\t\t\t\t<p>En Kadans queremos ofrecerte algo m\u00e1s que un buen edificio. Entendemos que necesitas una sala limpia lista para transformarse r\u00e1pidamente en un entorno productivo para tus necesidades.<\/p>\n<p>Kadans provee de salas limpias a empresas que trabajan en una gran variedad de tem\u00e1ticas de investigaci\u00f3n, incluidos los semiconductores, los dispositivos m\u00e9dicos, la biotecnolog\u00eda entre otros. Kadans tiene experiencia en la entrega de salas limpias en un amplio rango normativo, con categorias desde ISO 9 hasta 5. Kadans tambi\u00e9n tiene una amplia experiencia en la entrega de salas limpias seg\u00fan los est\u00e1ndares GMP. Nuestro equipo t\u00e9cnico interno ofrece un servicio completo de dise\u00f1o construcci\u00f3n y entrega que te permitir\u00e1 concentrarte en el crecimiento de tu negocio.<\/p>\n<p>Nuestras salas limpias se entregan con los m\u00e1s altos est\u00e1ndares de calidad para garantizar que puedas operar de manera segura y eficiente. Esto incluye una variedad de espacios de apoyo, como \u00a0almacenamiento, vestuarios, gesti\u00f3n de residuos \u00a0e instalaciones de env\u00edo y recepcion de mercanc\u00eda entre otros.<\/p>\n\t\t\t\t\r\n\t\t\t\t\r\n\t\t\t\t\t\t\t\t\t<div class=\"image_outer mobile\">\r\n\t\t\t\t\t\t<div class=\"image_wrap\">\t\r\n\t\t\t\t\t\t\t<img loading=\"lazy\" decoding=\"async\" class=\"object_fit\" \t\t\t\t\t\t\t  \r\n\t\t\t\t\t\t\t  srcset=\"https:\/\/kadanscom.onest-dev.nl\/wp-content\/uploads\/Cleanroom-Sencio-650x434.jpg 650w, https:\/\/kadanscom.onest-dev.nl\/wp-content\/uploads\/Cleanroom-Sencio-1200x801.jpg 1024w, https:\/\/kadanscom.onest-dev.nl\/wp-content\/uploads\/Cleanroom-Sencio-1600x1068.jpg 1800w\" \t\t\t\t\t\t\t\t\t  \r\n\t\t\t\t\t\t\t  sizes=\"auto, (max-width: 700px) 650px, (max-width: 1200px) 1024px, 1800px\"  \t  \r\n\t\t\t\t\t\t\t  src=\"https:\/\/kadanscom.onest-dev.nl\/wp-content\/uploads\/Cleanroom-Sencio-1600x1068.jpg\" \r\n\t\t\t\t\t\t\t  width=\"1024\"\r\n\t\t\t\t\t\t\t  height=\"684\"\t\t\t\t\t\t\t  \r\n\t\t\t\t\t\t\t  alt=\"Cleanroom Sencio\" \r\n\t\t\t\t\t\t\t\/>\r\n\t\t\t\t\t\t<\/div>\r\n\t\t\t\t\t<\/div>\t\t\t\t\t\r\n\t\t\t\t\t\t\t\t\r\n\t\t\t\t\r\n\t\t\t\t\r\n\t\t\t<\/div>\t\t\t\r\n\t\t<\/div>\r\n\t<\/div>\r\n<\/section>\n\n\r\n<section class=\"whitespace desktop_yes mobile_yes big bg_white\">\r\n<\/section>\n\n\t\r\n\r\n<section id=\"cta_banner\" class=\"cta_banner_2 desktop_yes mobile_yes  bg_primary_50\">\r\n\t<div class=\"container\">\r\n\t\t<div class=\"row\">\r\n\t\t\t\t<div class=\"col-sm-12 col-md-5 col-lg-6\">\r\n\t\t\t\t\t\t<img loading=\"lazy\" decoding=\"async\" class=\"object_fit\" \t\t\t\t\t\t\t  \r\n\t\t\t\t\t  srcset=\"https:\/\/kadanscom.onest-dev.nl\/wp-content\/uploads\/Scientist-in-uniform-and-mask-holding-test-tubes-at-laboratory.-Medicine-and-research-in-650x433.jpg 650w, https:\/\/kadanscom.onest-dev.nl\/wp-content\/uploads\/Scientist-in-uniform-and-mask-holding-test-tubes-at-laboratory.-Medicine-and-research-in-1200x800.jpg 1024w, https:\/\/kadanscom.onest-dev.nl\/wp-content\/uploads\/Scientist-in-uniform-and-mask-holding-test-tubes-at-laboratory.-Medicine-and-research-in-1600x1067.jpg 1800w\" \t\t\t\t\t\t\t\t\t  \r\n\t\t\t\t\t  sizes=\"auto, (max-width: 700px) 650px, (max-width: 1200px) 1024px, 1800px\"  \t  \r\n\t\t\t\t\t  src=\"https:\/\/kadanscom.onest-dev.nl\/wp-content\/uploads\/Scientist-in-uniform-and-mask-holding-test-tubes-at-laboratory.-Medicine-and-research-in-1600x1067.jpg\" \r\n\t\t\t\t\t  width=\"1024\"\r\n\t\t\t\t\t  height=\"683\"\t\t\t\t\t\t\t  \r\n\t\t\t\t\t  alt=\"\" \r\n\t\t\t\t\t\/>\r\n\t\t\t\t\t<img loading=\"lazy\" decoding=\"async\" class=\"image_2 object_fit\" \t\t\t\t\t\t\t  \r\n\t\t\t\t\t  srcset=\"https:\/\/kadanscom.onest-dev.nl\/wp-content\/uploads\/James-Sheppard-2021-534x356-1.jpg 650w, https:\/\/kadanscom.onest-dev.nl\/wp-content\/uploads\/James-Sheppard-2021-534x356-1.jpg 1024w, https:\/\/kadanscom.onest-dev.nl\/wp-content\/uploads\/James-Sheppard-2021-534x356-1.jpg 1800w\" \t\t\t\t\t\t\t\t\t  \r\n\t\t\t\t\t  sizes=\"auto, (max-width: 700px) 650px, (max-width: 1200px) 1024px, 1800px\"  \t  \r\n\t\t\t\t\t  src=\"https:\/\/kadanscom.onest-dev.nl\/wp-content\/uploads\/James-Sheppard-2021-534x356-1.jpg\" \r\n\t\t\t\t\t  width=\"534\"\r\n\t\t\t\t\t  height=\"356\"\t\t\t\t\t\t\t  \r\n\t\t\t\t\t  alt=\"James Sheppard is the International Head of Asset Management of Kadans Science Partner\" \r\n\t\t\t\t\t\/>\r\n\t\t\t\t<\/div>\r\n\t\t\t\t<div class=\"col-sm-12 col-md-1 col-lg-1 empty\">\r\n\t\t\t\t<\/div>\r\n\t\t\t\t<div class=\"col-sm-12 col-md-6 col-lg-5\">\r\n\t\t\t\t<h2>Dinos cu\u00e1les son tus necesidades espec\u00edficas<\/h2>\t\t\r\n\r\n\t\t\t\t\t\t\t\t\t\t\t<p>\u00bfBuscas \u00a0el entorno ideal para tu investigaci\u00f3n?<\/p>\n\t\t\t\t\t\r\n\t\t\t\t\t\t\t\t\t\t<div class=\"cta outline dark_blue\"><a href=\"https:\/\/kadanscom.onest-dev.nl\/es\/contact\/\">Cont\u00e1ctanos<\/a>\n<\/div>\t\t\r\n\t\t\t\t<\/div>\r\n\t\t\t\t\r\n\t\t<\/div>\t\t\t\r\n\t<\/div>\r\n<\/section>\n\n\r\n<section id=\"full_width_image\" class=\"image_full desktop_yes mobile_yes \">\r\n\t\r\n\r\n<div class=\"col-sm-12 col-md-12 col-lg-12 parallax_banner\" \r\nstyle=\"background-image:url(https:\/\/kadanscom.onest-dev.nl\/wp-content\/uploads\/Rectangle-550_2.png);\">\r\n<\/div>\r\n\r\n<\/section>","protected":false},"excerpt":{"rendered":"","protected":false},"author":8,"featured_media":0,"parent":9265,"menu_order":0,"comment_status":"closed","ping_status":"closed","template":"","meta":{"_acf_changed":false,"inline_featured_image":false,"footnotes":""},"class_list":["post-10948","page","type-page","status-publish","hentry"],"acf":[],"yoast_head":"<!-- This site is optimized with the Yoast SEO plugin v25.9 - https:\/\/yoast.com\/wordpress\/plugins\/seo\/ -->\n<title>Flexible workspaces in innovative locations<\/title>\n<meta name=\"description\" content=\"Find tailored laboratories, cleanrooms, and pilot plants. Kadans offers Lab Ready spaces designed to meet your research needs.\" \/>\n<meta name=\"robots\" content=\"noindex, follow, max-snippet:-1, max-image-preview:large, max-video-preview:-1\" \/>\n<meta property=\"og:locale\" content=\"es_ES\" \/>\n<meta property=\"og:type\" content=\"article\" \/>\n<meta property=\"og:title\" content=\"Flexible workspaces in innovative locations\" \/>\n<meta property=\"og:description\" content=\"Find tailored laboratories, cleanrooms, and pilot plants. Kadans offers Lab Ready spaces designed to meet your research needs.\" \/>\n<meta property=\"og:url\" content=\"https:\/\/kadanscom.onest-dev.nl\/es\/instalaciones-especializadas\/cleanroom\/\" \/>\n<meta property=\"og:site_name\" content=\"Kadans Science Partner\" \/>\n<meta property=\"article:modified_time\" content=\"2025-01-29T09:24:22+00:00\" \/>\n<meta name=\"twitter:card\" content=\"summary_large_image\" \/>\n<script type=\"application\/ld+json\" class=\"yoast-schema-graph\">{\"@context\":\"https:\/\/schema.org\",\"@graph\":[{\"@type\":\"WebPage\",\"@id\":\"https:\/\/kadanscom.onest-dev.nl\/es\/instalaciones-especializadas\/cleanroom\/\",\"url\":\"https:\/\/kadanscom.onest-dev.nl\/es\/instalaciones-especializadas\/cleanroom\/\",\"name\":\"Flexible workspaces in innovative locations\",\"isPartOf\":{\"@id\":\"https:\/\/kadanscom.onest-dev.nl\/es\/#website\"},\"datePublished\":\"2025-01-21T10:48:48+00:00\",\"dateModified\":\"2025-01-29T09:24:22+00:00\",\"description\":\"Find tailored laboratories, cleanrooms, and pilot plants. Kadans offers Lab Ready spaces designed to meet your research needs.\",\"breadcrumb\":{\"@id\":\"https:\/\/kadanscom.onest-dev.nl\/es\/instalaciones-especializadas\/cleanroom\/#breadcrumb\"},\"inLanguage\":\"es\",\"potentialAction\":[{\"@type\":\"ReadAction\",\"target\":[\"https:\/\/kadanscom.onest-dev.nl\/es\/instalaciones-especializadas\/cleanroom\/\"]}]},{\"@type\":\"BreadcrumbList\",\"@id\":\"https:\/\/kadanscom.onest-dev.nl\/es\/instalaciones-especializadas\/cleanroom\/#breadcrumb\",\"itemListElement\":[{\"@type\":\"ListItem\",\"position\":1,\"name\":\"Home\",\"item\":\"https:\/\/kadanscom.onest-dev.nl\/es\/\"},{\"@type\":\"ListItem\",\"position\":2,\"name\":\"Instalaciones especializadas\",\"item\":\"https:\/\/kadanscom.onest-dev.nl\/es\/instalaciones-especializadas\/\"},{\"@type\":\"ListItem\",\"position\":3,\"name\":\"Sala limpia\"}]},{\"@type\":\"WebSite\",\"@id\":\"https:\/\/kadanscom.onest-dev.nl\/es\/#website\",\"url\":\"https:\/\/kadanscom.onest-dev.nl\/es\/\",\"name\":\"Kadans Science Partner\",\"description\":\"\",\"potentialAction\":[{\"@type\":\"SearchAction\",\"target\":{\"@type\":\"EntryPoint\",\"urlTemplate\":\"https:\/\/kadanscom.onest-dev.nl\/es\/?s={search_term_string}\"},\"query-input\":{\"@type\":\"PropertyValueSpecification\",\"valueRequired\":true,\"valueName\":\"search_term_string\"}}],\"inLanguage\":\"es\"}]}<\/script>\n<!-- \/ Yoast SEO plugin. -->","yoast_head_json":{"title":"Flexible workspaces in innovative locations","description":"Find tailored laboratories, cleanrooms, and pilot plants. Kadans offers Lab Ready spaces designed to meet your research needs.","robots":{"index":"noindex","follow":"follow","max-snippet":"max-snippet:-1","max-image-preview":"max-image-preview:large","max-video-preview":"max-video-preview:-1"},"og_locale":"es_ES","og_type":"article","og_title":"Flexible workspaces in innovative locations","og_description":"Find tailored laboratories, cleanrooms, and pilot plants. Kadans offers Lab Ready spaces designed to meet your research needs.","og_url":"https:\/\/kadanscom.onest-dev.nl\/es\/instalaciones-especializadas\/cleanroom\/","og_site_name":"Kadans Science Partner","article_modified_time":"2025-01-29T09:24:22+00:00","twitter_card":"summary_large_image","schema":{"@context":"https:\/\/schema.org","@graph":[{"@type":"WebPage","@id":"https:\/\/kadanscom.onest-dev.nl\/es\/instalaciones-especializadas\/cleanroom\/","url":"https:\/\/kadanscom.onest-dev.nl\/es\/instalaciones-especializadas\/cleanroom\/","name":"Flexible workspaces in innovative locations","isPartOf":{"@id":"https:\/\/kadanscom.onest-dev.nl\/es\/#website"},"datePublished":"2025-01-21T10:48:48+00:00","dateModified":"2025-01-29T09:24:22+00:00","description":"Find tailored laboratories, cleanrooms, and pilot plants. Kadans offers Lab Ready spaces designed to meet your research needs.","breadcrumb":{"@id":"https:\/\/kadanscom.onest-dev.nl\/es\/instalaciones-especializadas\/cleanroom\/#breadcrumb"},"inLanguage":"es","potentialAction":[{"@type":"ReadAction","target":["https:\/\/kadanscom.onest-dev.nl\/es\/instalaciones-especializadas\/cleanroom\/"]}]},{"@type":"BreadcrumbList","@id":"https:\/\/kadanscom.onest-dev.nl\/es\/instalaciones-especializadas\/cleanroom\/#breadcrumb","itemListElement":[{"@type":"ListItem","position":1,"name":"Home","item":"https:\/\/kadanscom.onest-dev.nl\/es\/"},{"@type":"ListItem","position":2,"name":"Instalaciones especializadas","item":"https:\/\/kadanscom.onest-dev.nl\/es\/instalaciones-especializadas\/"},{"@type":"ListItem","position":3,"name":"Sala limpia"}]},{"@type":"WebSite","@id":"https:\/\/kadanscom.onest-dev.nl\/es\/#website","url":"https:\/\/kadanscom.onest-dev.nl\/es\/","name":"Kadans Science Partner","description":"","potentialAction":[{"@type":"SearchAction","target":{"@type":"EntryPoint","urlTemplate":"https:\/\/kadanscom.onest-dev.nl\/es\/?s={search_term_string}"},"query-input":{"@type":"PropertyValueSpecification","valueRequired":true,"valueName":"search_term_string"}}],"inLanguage":"es"}]}},"_links":{"self":[{"href":"https:\/\/kadanscom.onest-dev.nl\/es\/wp-json\/wp\/v2\/pages\/10948","targetHints":{"allow":["GET"]}}],"collection":[{"href":"https:\/\/kadanscom.onest-dev.nl\/es\/wp-json\/wp\/v2\/pages"}],"about":[{"href":"https:\/\/kadanscom.onest-dev.nl\/es\/wp-json\/wp\/v2\/types\/page"}],"author":[{"embeddable":true,"href":"https:\/\/kadanscom.onest-dev.nl\/es\/wp-json\/wp\/v2\/users\/8"}],"replies":[{"embeddable":true,"href":"https:\/\/kadanscom.onest-dev.nl\/es\/wp-json\/wp\/v2\/comments?post=10948"}],"version-history":[{"count":0,"href":"https:\/\/kadanscom.onest-dev.nl\/es\/wp-json\/wp\/v2\/pages\/10948\/revisions"}],"up":[{"embeddable":true,"href":"https:\/\/kadanscom.onest-dev.nl\/es\/wp-json\/wp\/v2\/pages\/9265"}],"wp:attachment":[{"href":"https:\/\/kadanscom.onest-dev.nl\/es\/wp-json\/wp\/v2\/media?parent=10948"}],"curies":[{"name":"wp","href":"https:\/\/api.w.org\/{rel}","templated":true}]}}